{"id":1513,"date":"2018-09-03T22:44:18","date_gmt":"2018-09-03T22:44:18","guid":{"rendered":"http:\/\/salvabre.ch\/?page_id=1513"},"modified":"2021-01-14T17:24:10","modified_gmt":"2021-01-14T16:24:10","slug":"e-shop","status":"publish","type":"page","link":"https:\/\/salvabre.ch\/?page_id=1513&lang=fr","title":{"rendered":"E-Shop"},"content":{"rendered":"<h2>Chers amis,<\/h2>\n<h4>Nous n&#8217;avons plus de stock suffisant pour garder notre shop ouvert, alors nous avons d\u00e9cid\u00e9 de le fermer, car nous n&#8217;allons plus reproduire de marchandise (ou du moins, pour l&#8217;instant). <a href=\"https:\/\/salvabre.ch\/?p=2396&amp;lang=fr\">Votre soutien financier continue bien s\u00fbr \u00e0 \u00eatre pr\u00e9cieux<\/a>.<\/h4>\n<h4>Merci de votre soutien \u00e0 tous! Vos contributions ont \u00e9t\u00e9 pr\u00e9cieuses et indispensables. Dans la r\u00e9gion de Locarno, on ne compte plus le nombre de banderoles qui ornent les rues, ou d&#8217;autocollants qui d\u00e9corent les voitures! Tout ceci a eu &#8211; et a encore &#8211; un effet extr\u00eamement dissuasif sur ceux qui veulent d\u00e9truire Monte Br\u00e8.<\/h4>\n<h4>Les barbares n&#8217;ont pas encore capitul\u00e9, c&#8217;est-\u00e0-dire qu&#8217;ils n&#8217;ont pas encore accept\u00e9 leur d\u00e9faite. Nous n&#8217;avons donc pas encore d\u00e9bouch\u00e9 le Champagne. Mais nous l&#8217;avons d\u00e9j\u00e0 mis au frais. En effet, la Ville de Locarno, suite \u00e0 notre initiative populaire dont la ratification a battu tous les records, a instaur\u00e9 une &#8220;Zona di Pianificazione&#8221; (mesure suspensive de sauvegarde).<\/h4>\n<h4>Nous croyons que notre combat, qui touche nous l&#8217;esp\u00e9rons \u00e0 sa fin, restera dans les annales du Tessin. David, avec un budget de quelques milliers de francs, a battu Goliath et ses 500 millions. Nous avons prouv\u00e9 la sup\u00e9riorit\u00e9 de la beaut\u00e9, de la v\u00e9rit\u00e9, et de la civilization, surtout lorsqu&#8217;elle affronte une caricature de laideur et de destruction.<\/h4>\n<h4>Nous avons repouss\u00e9 les barbares, mais notre travail n&#8217;est pas fini pour autant. Nous travaillerons maintenant \u00e0 la reconstruction de notre magnifique quartier de montagne. Nous esp\u00e9rons que vous en entendrez parler bient\u00f4t.<\/h4>\n<h4>Si vous faites partie de ceux qui ont d\u00e9j\u00e0 pass\u00e9 commande sur notre shop, nous avons deux choses \u00e0 vous dire:<\/h4>\n<h4>1) MERCI!<\/h4>\n<h4>2) Gardez pr\u00e9cieusement vos articles, ils deviendront des objects &#8220;collector&#8221;.<\/h4>\n<h4>Tr\u00e8s cordialement,<\/h4>\n<h4>L&#8217;\u00e9quipe Salva Monte Br\u00e8.<\/h4>\n<h4>PS: concernant les quelques articles qui nous restent encore en stock, nous les stockons \u00e0 la Codinglab (4 via G. Motta \u00e0 Minusio). N&#8217;h\u00e9sitez pas \u00e0 passer nous voir pendant les horaires d&#8217;ouverture.<\/h4>\n","protected":false},"excerpt":{"rendered":"<p>Chers amis, Nous n&#8217;avons plus de stock suffisant pour garder notre shop ouvert, alors nous avons d\u00e9cid\u00e9 de le fermer, car nous n&#8217;allons plus reproduire de marchandise (ou du moins, pour l&#8217;instant). Votre soutien financier continue bien s\u00fbr \u00e0 \u00eatre pr\u00e9cieux. Merci de votre soutien \u00e0 tous! Vos contributions ont \u00e9t\u00e9 pr\u00e9cieuses et indispensables. Dans [&hellip;]<\/p>\n","protected":false},"author":1,"featured_media":0,"parent":0,"menu_order":0,"comment_status":"closed","ping_status":"closed","template":"","meta":[],"_links":{"self":[{"href":"https:\/\/salvabre.ch\/index.php?rest_route=\/wp\/v2\/pages\/1513"}],"collection":[{"href":"https:\/\/salvabre.ch\/index.php?rest_route=\/wp\/v2\/pages"}],"about":[{"href":"https:\/\/salvabre.ch\/index.php?rest_route=\/wp\/v2\/types\/page"}],"author":[{"embeddable":true,"href":"https:\/\/salvabre.ch\/index.php?rest_route=\/wp\/v2\/users\/1"}],"replies":[{"embeddable":true,"href":"https:\/\/salvabre.ch\/index.php?rest_route=%2Fwp%2Fv2%2Fcomments&post=1513"}],"version-history":[{"count":12,"href":"https:\/\/salvabre.ch\/index.php?rest_route=\/wp\/v2\/pages\/1513\/revisions"}],"predecessor-version":[{"id":2411,"href":"https:\/\/salvabre.ch\/index.php?rest_route=\/wp\/v2\/pages\/1513\/revisions\/2411"}],"wp:attachment":[{"href":"https:\/\/salvabre.ch\/index.php?rest_route=%2Fwp%2Fv2%2Fmedia&parent=1513"}],"curies":[{"name":"wp","href":"https:\/\/api.w.org\/{rel}","templated":true}]}}