{"id":1511,"date":"2018-09-03T22:44:04","date_gmt":"2018-09-03T22:44:04","guid":{"rendered":"http:\/\/salvabre.ch\/?page_id=1511"},"modified":"2021-01-14T17:23:43","modified_gmt":"2021-01-14T16:23:43","slug":"onlineshop-2","status":"publish","type":"page","link":"https:\/\/salvabre.ch\/?page_id=1511&lang=de","title":{"rendered":"Shop"},"content":{"rendered":"<h2>Liebe Freunde,<\/h2>\n<h4>Wir haben nicht mehr gen\u00fcgend Lagerbestand, um unseren Shop offen zu halten, also haben wir uns entschieden, ihn zu schliessen, da wir keine Ware mehr (oder zumindest im Moment) nachproduzieren werden. <a href=\"https:\/\/salvabre.ch\/?p=2400&amp;lang=de\">Ihre finanzielle Unterst\u00fctzung ist weiterhin sehr wertvoll<\/a>.<\/h4>\n<h4>Vielen Dank f\u00fcr Ihre Unterst\u00fctzung! Ihre Beitr\u00e4ge waren wertvoll und unverzichtbar. In der Region Locarno gibt es unz\u00e4hlige Banner, die die Strassen schm\u00fccken, oder Aufkleber, die Autos dekorieren! All dies hatte und hat eine \u00e4usserts abschreckende Wirkung auf diejenigen, die Monte Br\u00e8 zerst\u00f6ren wollen.<\/h4>\n<h4>Die Barbaren haben noch nicht kapituliert, das heisst, sie haben ihre Niederlage noch nicht akzeptiert. Also haben wir den Champagner noch nicht ge\u00f6ffnet. Aber wir haben es bereits in den K\u00fchlschrank gestellt. Die Stadt Locarno hat, auf unsere Volksinitiative hin, deren Ratifizierung alle Rekorde gebrochen hat, eine \u00abZona di Pianificazione\u00bb eingerichtet.<\/h4>\n<h4>Wir glauben, dass unser Kampf, von dem wir hoffen, dass er ein Ende findet, in den Annalen des Tessins bleiben wird. David, mit einem Budget von ein paar tausend Franken, schlug Goliath und seine 500 Millionen. Wir haben die \u00dcberlegenheit von Sch\u00f6nheit, Wahrheit und Zivilisation bewiesen, besonders wenn es um eine Karikatur von H\u00e4sslichkeit und Zerst\u00f6rung geht.<\/h4>\n<h4>Wir haben die Barbaren zur\u00fcckgewiesen, aber unsere Arbeit ist noch nicht beendet. Nun werden wir daran arbeiten, unser sch\u00f6nes Bergquartier wieder aufzubauen. Wir hoffen, dass Sie bald davon erfahren werden.<\/h4>\n<h4>Wenn Sie zu denen geh\u00f6ren, die bereits eine Bestellung in unserem Shop aufgegeben haben, haben wir zwei Dinge zu sagen:<\/h4>\n<h4>1) DANKE!<\/h4>\n<h4>2) Bewahren Sie Ihre Gegenst\u00e4nde sorgf\u00e4ltig auf, sie werden zu &#8220;Sammelobjekten&#8221;.<\/h4>\n<h4>Sehr herzlich,<\/h4>\n<h4>Das Team von Salva Monte Br\u00e8.<\/h4>\n<h4>PS: Die wenigen Artikeln, die wir noch auf Lager haben, lagern wir bei Codinglab (via G. Motta 4, in Minusio). Sie k\u00f6nnen uns gerne w\u00e4hrend der \u00d6ffnungszeiten besuchen.<\/h4>\n","protected":false},"excerpt":{"rendered":"<p>Liebe Freunde, Wir haben nicht mehr gen\u00fcgend Lagerbestand, um unseren Shop offen zu halten, also haben wir uns entschieden, ihn zu schliessen, da wir keine Ware mehr (oder zumindest im Moment) nachproduzieren werden. Ihre finanzielle Unterst\u00fctzung ist weiterhin sehr wertvoll. Vielen Dank f\u00fcr Ihre Unterst\u00fctzung! Ihre Beitr\u00e4ge waren wertvoll und unverzichtbar. In der Region Locarno [&hellip;]<\/p>\n","protected":false},"author":1,"featured_media":0,"parent":0,"menu_order":0,"comment_status":"closed","ping_status":"closed","template":"","meta":[],"_links":{"self":[{"href":"https:\/\/salvabre.ch\/index.php?rest_route=\/wp\/v2\/pages\/1511"}],"collection":[{"href":"https:\/\/salvabre.ch\/index.php?rest_route=\/wp\/v2\/pages"}],"about":[{"href":"https:\/\/salvabre.ch\/index.php?rest_route=\/wp\/v2\/types\/page"}],"author":[{"embeddable":true,"href":"https:\/\/salvabre.ch\/index.php?rest_route=\/wp\/v2\/users\/1"}],"replies":[{"embeddable":true,"href":"https:\/\/salvabre.ch\/index.php?rest_route=%2Fwp%2Fv2%2Fcomments&post=1511"}],"version-history":[{"count":9,"href":"https:\/\/salvabre.ch\/index.php?rest_route=\/wp\/v2\/pages\/1511\/revisions"}],"predecessor-version":[{"id":2409,"href":"https:\/\/salvabre.ch\/index.php?rest_route=\/wp\/v2\/pages\/1511\/revisions\/2409"}],"wp:attachment":[{"href":"https:\/\/salvabre.ch\/index.php?rest_route=%2Fwp%2Fv2%2Fmedia&parent=1511"}],"curies":[{"name":"wp","href":"https:\/\/api.w.org\/{rel}","templated":true}]}}