{"id":1509,"date":"2018-09-03T22:43:13","date_gmt":"2018-09-03T22:43:13","guid":{"rendered":"http:\/\/salvabre.ch\/?page_id=1509"},"modified":"2021-01-14T17:25:08","modified_gmt":"2021-01-14T16:25:08","slug":"shop-2","status":"publish","type":"page","link":"https:\/\/salvabre.ch\/?page_id=1509&lang=it","title":{"rendered":"Shop"},"content":{"rendered":"<h2>Cari amici,<\/h2>\n<h4>Non abbiamo pi\u00f9 scorte sufficienti per tenere aperto il nostro negozio, cos\u00ec abbiamo deciso di chiuderlo, perch\u00e9 non produrremo pi\u00f9 merce (o almeno per il momento). <a href=\"https:\/\/salvabre.ch\/?p=2398&amp;lang=it\">Il vostro sostegno finanziario continua ad essere prezioso<\/a>.<\/h4>\n<h4>Grazie per il vostro sostegno! I vostri contributi sono stati preziosi e indispensabili. Nella regione di Locarno ci sono innumerevoli striscioni che adornano le strade, o adesivi che decorano le auto! Tutto questo ha avuto &#8211; e ha tuttora &#8211; un effetto estremamente dissuasivo su chi vuole distruggere il Monte Br\u00e8.<\/h4>\n<h4>I barbari non hanno ancora capitolato, cio\u00e8 non hanno ancora accettato la loro sconfitta. Quindi non abbiamo ancora aperto lo Champagne. Ma l&#8217;abbiamo gi\u00e0 messo in frigo. Il Comune di Locarno, a seguito della nostra iniziativa popolare, la cui ratifica ha battuto ogni record, ha instaurato una &#8220;Zona di Pianificazione&#8221; (misura sospensiva di salvaguardia).<\/h4>\n<h4>Crediamo che la nostra lotta, che speriamo finisca, rimarr\u00e0 negli annali del Ticino. Davide, con un budget di poche migliaia di franchi, ha battuto Golia e i suoi 500 milioni. Abbiamo dimostrato la superiorit\u00e0 della bellezza, della verit\u00e0 e della civilt\u00e0, specialmente quando si trova di fronte a una caricatura di bruttezza e distruzione.<\/h4>\n<h4>Abbiamo respinto i barbari, ma il nostro lavoro non \u00e8 ancora finito. Ora lavoreremo per ricostruire il nostro bellissimo quartiere montano. Speriamo che lo vediate presto.<\/h4>\n<h4>Se siete tra quelli che hanno gi\u00e0 fatto un ordine nel nostro negozio, abbiamo due cose da dirvi:<\/h4>\n<h4>1) GRAZIE!<\/h4>\n<h4>2) Tenete i vostri oggetti con attenzione, diventeranno &#8220;da collezione&#8221;.<\/h4>\n<h4>Molto cordialmente,<\/h4>\n<h4>La squadra di Salva Monte Br\u00e8.<\/h4>\n<h4>PS: per quanto riguarda i pochi articoli che abbiamo ancora in stock, li immagazziniamo a Codinglab (via G. Motta 4 a Minusio). Sentitevi liberi di venire a trovarci durante gli orari di apertura.<\/h4>\n","protected":false},"excerpt":{"rendered":"<p>Cari amici, Non abbiamo pi\u00f9 scorte sufficienti per tenere aperto il nostro negozio, cos\u00ec abbiamo deciso di chiuderlo, perch\u00e9 non produrremo pi\u00f9 merce (o almeno per il momento). Il vostro sostegno finanziario continua ad essere prezioso. Grazie per il vostro sostegno! I vostri contributi sono stati preziosi e indispensabili. Nella regione di Locarno ci sono [&hellip;]<\/p>\n","protected":false},"author":1,"featured_media":0,"parent":0,"menu_order":0,"comment_status":"closed","ping_status":"closed","template":"","meta":[],"_links":{"self":[{"href":"https:\/\/salvabre.ch\/index.php?rest_route=\/wp\/v2\/pages\/1509"}],"collection":[{"href":"https:\/\/salvabre.ch\/index.php?rest_route=\/wp\/v2\/pages"}],"about":[{"href":"https:\/\/salvabre.ch\/index.php?rest_route=\/wp\/v2\/types\/page"}],"author":[{"embeddable":true,"href":"https:\/\/salvabre.ch\/index.php?rest_route=\/wp\/v2\/users\/1"}],"replies":[{"embeddable":true,"href":"https:\/\/salvabre.ch\/index.php?rest_route=%2Fwp%2Fv2%2Fcomments&post=1509"}],"version-history":[{"count":7,"href":"https:\/\/salvabre.ch\/index.php?rest_route=\/wp\/v2\/pages\/1509\/revisions"}],"predecessor-version":[{"id":2414,"href":"https:\/\/salvabre.ch\/index.php?rest_route=\/wp\/v2\/pages\/1509\/revisions\/2414"}],"wp:attachment":[{"href":"https:\/\/salvabre.ch\/index.php?rest_route=%2Fwp%2Fv2%2Fmedia&parent=1509"}],"curies":[{"name":"wp","href":"https:\/\/api.w.org\/{rel}","templated":true}]}}