{"id":1152,"date":"2018-09-01T12:14:00","date_gmt":"2018-09-01T12:14:00","guid":{"rendered":"http:\/\/salvabre.ch\/?page_id=1152"},"modified":"2018-09-09T19:31:41","modified_gmt":"2018-09-09T19:31:41","slug":"faq-4","status":"publish","type":"page","link":"https:\/\/salvabre.ch\/?page_id=1152&lang=de","title":{"rendered":"FAQ"},"content":{"rendered":"<h3><span lang=\"de-CH\">Warum sind Sie gegen dieses spekulative Immobilienprojekt?<\/span><\/h3>\n<p><span lang=\"de-CH\"><a href=\"http:\/\/salvabre.ch\/?page_id=1150&amp;lang=de\">Siehe unsere Argumente<\/a>: wirtschaftlich, \u00f6kologisch und moralisch.<\/span><\/p>\n<p>&nbsp;<\/p>\n<h3><span lang=\"de-CH\">Warum Monte Br\u00e8 retten, wenn seine Zerst\u00f6rung Steuereinnahmen bringen w\u00fcrde?<\/span><\/h3>\n<p><span lang=\"de-CH\">Steuereinnahmen wof\u00fcr? Was brauchen wir, was wir nicht schon haben? Wir gehen davon aus, dass die meisten Menschen verstehen, dass ihre Lebensqualit\u00e4t nicht proportional zur Macht des Staates ist. Unsere Kastanienw\u00e4lder, unsere Landschaften und unsere Granith\u00e4user: das ist unser Reichtum.<\/span><\/p>\n<p><span lang=\"de-CH\">Pilzsammeln im Herbst; Wandern auf den Bergpfaden; Begegnung mit einem Hirsch, der die H\u00e4nge erklimmt; das ist es, was uns reich macht. Bewaffnete Wachen, Vergn\u00fcgungshubschrauber und verbarrikadierte Resorts sind nicht deckungsgleich mit all dem.<\/span><\/p>\n<p><span lang=\"de-CH\">Der Papierreichtum, den Spekulanten mit sich bringen, ist fiktiv: Es ist Verschuldung, im wahrsten Sinne des Wortes. Monte Br\u00e8 zu zerst\u00f6ren, damit ein paar Multimillion\u00e4re (die in unserer Zeit wahrscheinlich nie einen ihrer Kaufkraft entsprechenden Reichtum produzierten) ihren leichtsinnigen, epikureischen und verg\u00e4nglichen Lebensstil befriedigen k\u00f6nnen, w\u00fcrde bedeuten, unseren Berg zu verpf\u00e4nden und unsere Kinder zu verraten. <\/span><\/p>\n<p><span lang=\"de-CH\">Unsere Regierung braucht nicht mehr Macht oder mehr Geld. Sie gewinnt bereits genug Reichtum von den lokalen Produzenten; sie braucht keine neuen reichen Russen, Chinesen und Saudis in unsere Nachbarschaft zu bringen, um die ihr \u00fcbertragene Aufgabe zu erf\u00fcllen.<\/span><\/p>\n<p>&nbsp;<\/p>\n<h3><span lang=\"de-CH\">Ist Monte Br\u00e8 nicht eine sterbende Gemeinde, und wird dieses Projekt sie nicht zur\u00fcckbringen?<\/span><\/h3>\n<p><span lang=\"de-CH\">Monte Br\u00e8 war noch nie so sch\u00f6n wie heute. Wie in vielen l\u00e4ndlichen Gebieten oder in den Bergen ist die Bev\u00f6lkerung in den letzten Generationen zur\u00fcckgegangen. Aber der Wald hat seine Rechte wiedererlangt, die Tierwelt hat sich vervielfacht und ein respektvoller Tourismus hat sich entwickelt: alles in den letzten 3 Jahrzehnten. Monte Br\u00e8 ist heute die Heimat einer Gemeinschaft, die den wahren Luxus versteht und sucht: Natur, Stille, Bescheidenheit und Sch\u00f6nheit.<\/span><\/p>\n<p><span lang=\"de-CH\">Wenn Sie Quellwasser und einen Blick auf diesen See haben, brauchen Sie weder ein Million\u00e4rshaus noch einen Millionen-Dollar-Job. Unsere traditionellen Granith\u00e4user, die im Laufe der Zeit als das effizienteste Haus an diesen H\u00e4ngen ausgew\u00e4hlt wurde, harmonieren mit der Landschaft und verbessern sie sogar. Die steile und schmale Strasse, die uns etwas von der Welt abschneidet, f\u00fchrt diejenigen, die sie erklimmen in ein Paradies.<\/span><\/p>\n<p>&nbsp;<\/p>\n<h3><span lang=\"de-CH\">Warum sind Sie gegen den Tourismus?<\/span><\/h3>\n<p><span lang=\"de-CH\">Wir lieben Touristen und heissen sie das ganze Jahr \u00fcber willkommen. Jeder erfahrene und geschmackvolle Reisende kennt den Berg \u00fcber Locarno. Es gibt Wanderer, Radfahrer und Skifahrer auf den Pisten, Gleitschirme und Segelflugzeuge am Himmel. Sie sind Teil des \u00d6kosystems, ihre Pr\u00e4senz ist nat\u00fcrlich.<\/span><\/p>\n<p><span lang=\"de-CH\">Stellen Sie sich nun vor, mittendrin 150 &#8220;gebrandete&#8221; 5-Sterne-Residenzen, d.h. 3-geschossige Beton-Werbekuben, die f\u00fcr mehr als CHF 22&#8217;000 pro Quadratmeter als &#8220;Troph\u00e4enwerte&#8221; an ausl\u00e4ndische Multimillion\u00e4re verkauft werden, die f\u00fcr ihre Bed\u00fcrfnisse 3000 m\u00b2 Spa ben\u00f6tigen. Es ist etwas anders als der h\u00f6fliche, protestantische und deutsche Tourist, nicht wahr? Monte Br\u00e8 und Cardada haben nicht die Absicht, Courchevel zu werden.<\/span><\/p>\n<p><span lang=\"de-CH\">Wir hoffen, dass die Touristen, die uns kennen und unseren Berg genauso lieben wie wir, <a href=\"http:\/\/salvabre.ch\/?page_id=1049&amp;lang=de\">uns helfen werden, dieses Naturparadies zu erhalten<\/a>. Schliesslich geh\u00f6rt<\/span> es<span lang=\"de-CH\"> auch ihnen<\/span>.<\/p>\n<p>&nbsp;<\/p>\n<h3><span lang=\"de-CH\">Schlagen Sie eine L\u00f6sung vor?<\/span><\/h3>\n<p><span lang=\"de-CH\">Ja, wir hoffen, dass unsere friedliche Initiative bekannt machen wird, dass dieser Berg, Monte Br\u00e8 und Cardada, von <\/span><span lang=\"de-CH\">furchtlosen, k\u00fchnen <\/span><span lang=\"de-CH\">Menschen bev\u00f6lkert ist; dass wir hier ein starkes Gef\u00fchl von nat\u00fcrlicher Harmonie und individueller Souver\u00e4nit\u00e4t teilen.<\/span><\/p>\n<p><span lang=\"de-CH\">Teilen Sie dieses Gef\u00fchl? Wir hoffen, innerhalb von 12 Monaten eine Liste von Interessenten f\u00fcr den Kauf eines Hauses in Monte Br\u00e8, wie bescheiden auch immer, zu erstellen und unserer Gemeinschaft von freien Personen beizutreten. Wenn Sie bereits in der Gegend wohnen: M\u00f6chten Sie lieber 20 Minuten Verkehr ertragen oder 20 Minuten Wald geniessen? Wenn Sie nicht von hier sind: verstehen Sie, dass hier ein Geist der Freiheit kristallisiert wird; Sie k\u00f6nnen kommen und uns helfen, ihn zu verwirklichen.<\/span><\/p>\n<p><span lang=\"de-CH\">Wir glauben, dass wir in der Lage sein werden, eine solche Liste zusammenzustellen. Wir denken sogar, dass es zu viele Kandidaten geben wird. Schliesslich ist Monte Br\u00e8, die Sonnenterrasse hoch \u00fcber Locarno, der beste Ort der Welt. Wir haben Quellwasser, eine atemberaubende Aussicht, fast permanenten Sonnenschein und sind umgeben von einem \u00fcppigen Wald voller Wildtiere. Und das beste Teil ist, dass Wohnungspreise hier 2- bis 3-mal niedriger als auf der Ebene sind. Wir werden bald in der Lage sein, die Spekulanten anzusprechen und ihnen eine einvernehmliche L\u00f6sung anzubieten. Keine H\u00e4user werden zerst\u00f6rt, kein Betonw\u00fcrfel wird entsorgt, und die Gemeinschaft wird gedeihen. Wir werden r\u00fcckblickend dankbar sein f\u00fcr die neue Energie und Solidarit\u00e4t die sie unserem Berg gebracht haben.<\/span><\/p>\n<p><span lang=\"de-CH\">Um zu einem Vorreiter dieser Welle der Freiheit zu werden, <a href=\"mailto:icaros.igrec@salvabre.ch\">schicken Sie uns eine E-Mail<\/a>.<\/span><\/p>\n","protected":false},"excerpt":{"rendered":"<p>Warum sind Sie gegen dieses spekulative Immobilienprojekt? Siehe unsere Argumente: wirtschaftlich, \u00f6kologisch und moralisch. &nbsp; Warum Monte Br\u00e8 retten, wenn seine Zerst\u00f6rung Steuereinnahmen bringen w\u00fcrde? Steuereinnahmen wof\u00fcr? Was brauchen wir, was wir nicht schon haben? Wir gehen davon aus, dass die meisten Menschen verstehen, dass ihre Lebensqualit\u00e4t nicht proportional zur Macht des Staates ist. Unsere [&hellip;]<\/p>\n","protected":false},"author":1,"featured_media":0,"parent":0,"menu_order":0,"comment_status":"closed","ping_status":"closed","template":"","meta":[],"_links":{"self":[{"href":"https:\/\/salvabre.ch\/index.php?rest_route=\/wp\/v2\/pages\/1152"}],"collection":[{"href":"https:\/\/salvabre.ch\/index.php?rest_route=\/wp\/v2\/pages"}],"about":[{"href":"https:\/\/salvabre.ch\/index.php?rest_route=\/wp\/v2\/types\/page"}],"author":[{"embeddable":true,"href":"https:\/\/salvabre.ch\/index.php?rest_route=\/wp\/v2\/users\/1"}],"replies":[{"embeddable":true,"href":"https:\/\/salvabre.ch\/index.php?rest_route=%2Fwp%2Fv2%2Fcomments&post=1152"}],"version-history":[{"count":15,"href":"https:\/\/salvabre.ch\/index.php?rest_route=\/wp\/v2\/pages\/1152\/revisions"}],"predecessor-version":[{"id":1732,"href":"https:\/\/salvabre.ch\/index.php?rest_route=\/wp\/v2\/pages\/1152\/revisions\/1732"}],"wp:attachment":[{"href":"https:\/\/salvabre.ch\/index.php?rest_route=%2Fwp%2Fv2%2Fmedia&parent=1152"}],"curies":[{"name":"wp","href":"https:\/\/api.w.org\/{rel}","templated":true}]}}