{"id":1143,"date":"2018-09-01T11:38:32","date_gmt":"2018-09-01T11:38:32","guid":{"rendered":"http:\/\/salvabre.ch\/?page_id=1143"},"modified":"2018-09-09T23:01:54","modified_gmt":"2018-09-09T23:01:54","slug":"zerstorung","status":"publish","type":"page","link":"https:\/\/salvabre.ch\/?page_id=1143&lang=de","title":{"rendered":"Zerst\u00f6rung"},"content":{"rendered":"<h3><span lang=\"de-CH\">Mutige Journalisten haben die destruktiven Pl\u00e4ne der Spekulanten ver\u00f6ffentlicht. Sie haben zwei Dokumente erhalten und zur \u00f6ffentlichen Konsultation online gestellt.<\/span><\/h3>\n<p><span lang=\"de-CH\">Hier sind die Download-Links. Diese Dokumente sprechen f\u00fcr sich.<\/span><\/p>\n<ul>\n<li><span lang=\"de-CH\"><a href=\"https:\/\/drive.google.com\/file\/d\/19wOogG7_ADsygb2NDFJEcmp6MXPW4yAc\/view?usp=sharing\" target=\"_blank\" rel=\"noopener\">Laden Sie den &#8220;Investment Teaser&#8221;<\/a> (allgemeine Darstellung des Plans) herunter.<\/span><\/li>\n<li><span lang=\"de-CH\"><a href=\"https:\/\/drive.google.com\/file\/d\/1bD1z14OKBtqPH0-iKfiUByRjZHmNc3ut\/view?usp=sharing\" target=\"_blank\" rel=\"noopener\">Laden Sie den &#8220;Equity Prospectus&#8221;<\/a> (Detailplan) herunter.<\/span><\/li>\n<\/ul>\n<p><span lang=\"de-CH\">Diese Seite besteht aus drei Abschnitten:<\/span><\/p>\n<ul>\n<li><a href=\"#uberblick\"><span lang=\"de-CH\">Das Pharaonenprojekt im \u00dcberblick<\/span><\/a><\/li>\n<li><a href=\"#beweise\"><span lang=\"de-CH\">Die Beweise<\/span><\/a><\/li>\n<li><a href=\"#anderenworten\">Mit<span lang=\"de-CH\"> anderen<\/span> <span lang=\"de-CH\">Worten<\/span><\/a><\/li>\n<\/ul>\n<hr \/>\n<h3><span lang=\"de-CH\"><a id=\"uberblick\"><\/a>Das Pharaonenprojekt im \u00dcberblick<\/span><\/h3>\n<h5><span lang=\"de-CH\">Die Spekulanten haben bereits grosse Teile des Berges in Monte Br\u00e8 und Cardada erworben: insgesamt 30.000 Quadratmeter Bauland, verteilt auf eine grosse Fl\u00e4che.<\/span><\/h5>\n<h5><span lang=\"de-CH\">Ihre Idee ist es, alle gekauften H\u00e4user abzureissen und stattdessen 3- oder 4-geschossige Geb\u00e4ude zu bauen (f\u00fcr insgesamt 150 &#8220;luxuri\u00f6se&#8221; Zimmer\/Wohnungen). Sie wollen ihre modernen Wohnungen an ausl\u00e4ndische HNWIs (Multimillion\u00e4re) f\u00fcr mehr als CHF 22&#8217;000 pro Quadratmeter verkaufen.<\/span><\/h5>\n<h5><span lang=\"de-CH\">Zu diesen 5-Sterne-Anlagen geh\u00f6ren auch etwa 70 Parkpl\u00e4tze, 3000 Quadratmeter Spa, 2 Restaurants, Tennispl\u00e4tze und ein Hallenbad (an Land von der Strasse aus nicht erreichbar).<\/span><\/h5>\n<h5><span lang=\"de-CH\">Die Spekulanten erkl\u00e4ren, wie sie durch &#8220;Hotelmanagementvertr\u00e4ge&#8221; die Lex Koller und Lex Weber umgehen k\u00f6nnen.<\/span><\/h5>\n<h5><span lang=\"de-CH\">Die Wohnungen, die sie bauen wollen, sollen von ausgew\u00e4hlten Unternehmen mitfinanziert und damit zu Werbefl\u00e4chen in Form von Immobilien &#8220;gebrandet&#8221; werden.<\/span><\/h5>\n<h5><span lang=\"de-CH\">Diese neuen pseudo-luxuri\u00f6sen Residenzen bezeichnen sie als &#8220;Troph\u00e4enwerte&#8221; &#8211; also G\u00fcter, die nicht aus Liebe zur Region und ihren Landschaften gekauft werden, sondern als sinnlose Schmuckst\u00fccke f\u00fcr leichtsinnige Menschen.<\/span><\/h5>\n<h5><span lang=\"de-CH\">Ausl\u00e4ndische Multimillion\u00e4re (Immobilieneigent\u00fcmer und Hotelg\u00e4ste) w\u00fcrden mit dem Hubschrauber zum und vom Standort transportiert.<\/span><\/h5>\n<h5><span lang=\"de-CH\">Der Bau w\u00e4re &#8220;vom See aus gut sichtbar&#8221; und w\u00fcrde den Besuchern &#8220;ein Gef\u00fchl der Majest\u00e4t&#8221; vermitteln. Mit anderen Worten, es w\u00e4re eine Karikatur von Gr\u00f6ssenwahn und schlechtem Geschmack.<\/span><\/h5>\n<h3><span lang=\"de-CH\"><a id=\"beweise\"><\/a>Beweise<\/span><\/h3>\n<p><span lang=\"de-CH\">Klicken Sie auf die Bilder, um die Beweise besser zu sehen.<\/span><\/p>\n<div id='gallery-1' class='gallery galleryid-1143 gallery-columns-1 gallery-size-large'><figure class='gallery-item'>\n\t\t\t<div class='gallery-icon landscape'>\n\t\t\t\t<a href='https:\/\/salvabre.ch\/wp-content\/uploads\/2018\/08\/teaser-p-5.png'><img width=\"640\" height=\"360\" src=\"https:\/\/salvabre.ch\/wp-content\/uploads\/2018\/08\/teaser-p-5-1024x576.png\" class=\"attachment-large size-large\" alt=\"\" loading=\"lazy\" aria-describedby=\"gallery-1-920\" srcset=\"https:\/\/salvabre.ch\/wp-content\/uploads\/2018\/08\/teaser-p-5-1024x576.png 1024w, https:\/\/salvabre.ch\/wp-content\/uploads\/2018\/08\/teaser-p-5-300x169.png 300w, https:\/\/salvabre.ch\/wp-content\/uploads\/2018\/08\/teaser-p-5-768x432.png 768w, https:\/\/salvabre.ch\/wp-content\/uploads\/2018\/08\/teaser-p-5-600x338.png 600w, https:\/\/salvabre.ch\/wp-content\/uploads\/2018\/08\/teaser-p-5.png 1333w\" sizes=\"(max-width: 640px) 100vw, 640px\" \/><\/a>\n\t\t\t<\/div>\n\t\t\t\t<figcaption class='wp-caption-text gallery-caption' id='gallery-1-920'>\n\t\t\t\t&#8220;Investment teaser&#8221; (p.5)\n\t\t\t\t<\/figcaption><\/figure><figure class='gallery-item'>\n\t\t\t<div class='gallery-icon landscape'>\n\t\t\t\t<a href='https:\/\/salvabre.ch\/wp-content\/uploads\/2018\/08\/teaser-p-3.png'><img width=\"640\" height=\"360\" src=\"https:\/\/salvabre.ch\/wp-content\/uploads\/2018\/08\/teaser-p-3-1024x576.png\" class=\"attachment-large size-large\" alt=\"\" loading=\"lazy\" aria-describedby=\"gallery-1-929\" srcset=\"https:\/\/salvabre.ch\/wp-content\/uploads\/2018\/08\/teaser-p-3-1024x576.png 1024w, https:\/\/salvabre.ch\/wp-content\/uploads\/2018\/08\/teaser-p-3-300x169.png 300w, https:\/\/salvabre.ch\/wp-content\/uploads\/2018\/08\/teaser-p-3-768x432.png 768w, https:\/\/salvabre.ch\/wp-content\/uploads\/2018\/08\/teaser-p-3-600x338.png 600w, https:\/\/salvabre.ch\/wp-content\/uploads\/2018\/08\/teaser-p-3.png 1333w\" sizes=\"(max-width: 640px) 100vw, 640px\" \/><\/a>\n\t\t\t<\/div>\n\t\t\t\t<figcaption class='wp-caption-text gallery-caption' id='gallery-1-929'>\n\t\t\t\t&#8220;Investment teaser&#8221; (p.3)\n\t\t\t\t<\/figcaption><\/figure><figure class='gallery-item'>\n\t\t\t<div class='gallery-icon landscape'>\n\t\t\t\t<a href='https:\/\/salvabre.ch\/wp-content\/uploads\/2018\/08\/teaser-p-8-excess.png'><img width=\"640\" height=\"360\" src=\"https:\/\/salvabre.ch\/wp-content\/uploads\/2018\/08\/teaser-p-8-excess-1024x576.png\" class=\"attachment-large size-large\" alt=\"\" loading=\"lazy\" aria-describedby=\"gallery-1-963\" srcset=\"https:\/\/salvabre.ch\/wp-content\/uploads\/2018\/08\/teaser-p-8-excess-1024x576.png 1024w, https:\/\/salvabre.ch\/wp-content\/uploads\/2018\/08\/teaser-p-8-excess-300x169.png 300w, https:\/\/salvabre.ch\/wp-content\/uploads\/2018\/08\/teaser-p-8-excess-768x432.png 768w, https:\/\/salvabre.ch\/wp-content\/uploads\/2018\/08\/teaser-p-8-excess-600x338.png 600w, https:\/\/salvabre.ch\/wp-content\/uploads\/2018\/08\/teaser-p-8-excess.png 1200w\" sizes=\"(max-width: 640px) 100vw, 640px\" \/><\/a>\n\t\t\t<\/div>\n\t\t\t\t<figcaption class='wp-caption-text gallery-caption' id='gallery-1-963'>\n\t\t\t\t&#8220;Investment teaser&#8221; (p.8)\n\t\t\t\t<\/figcaption><\/figure><figure class='gallery-item'>\n\t\t\t<div class='gallery-icon landscape'>\n\t\t\t\t<a href='https:\/\/salvabre.ch\/wp-content\/uploads\/2018\/08\/prospectus-p-11-nb-residences.png'><img width=\"640\" height=\"138\" src=\"https:\/\/salvabre.ch\/wp-content\/uploads\/2018\/08\/prospectus-p-11-nb-residences.png\" class=\"attachment-large size-large\" alt=\"\" loading=\"lazy\" aria-describedby=\"gallery-1-934\" srcset=\"https:\/\/salvabre.ch\/wp-content\/uploads\/2018\/08\/prospectus-p-11-nb-residences.png 777w, https:\/\/salvabre.ch\/wp-content\/uploads\/2018\/08\/prospectus-p-11-nb-residences-300x64.png 300w, https:\/\/salvabre.ch\/wp-content\/uploads\/2018\/08\/prospectus-p-11-nb-residences-768x165.png 768w, https:\/\/salvabre.ch\/wp-content\/uploads\/2018\/08\/prospectus-p-11-nb-residences-600x129.png 600w\" sizes=\"(max-width: 640px) 100vw, 640px\" \/><\/a>\n\t\t\t<\/div>\n\t\t\t\t<figcaption class='wp-caption-text gallery-caption' id='gallery-1-934'>\n\t\t\t\t&#8220;Equity prospectus&#8221; (p.11)\n\t\t\t\t<\/figcaption><\/figure><figure class='gallery-item'>\n\t\t\t<div class='gallery-icon landscape'>\n\t\t\t\t<a href='https:\/\/salvabre.ch\/wp-content\/uploads\/2018\/08\/prospectus-p-8-repartition.png'><img width=\"640\" height=\"203\" src=\"https:\/\/salvabre.ch\/wp-content\/uploads\/2018\/08\/prospectus-p-8-repartition-1024x325.png\" class=\"attachment-large size-large\" alt=\"\" loading=\"lazy\" aria-describedby=\"gallery-1-967\" srcset=\"https:\/\/salvabre.ch\/wp-content\/uploads\/2018\/08\/prospectus-p-8-repartition-1024x325.png 1024w, https:\/\/salvabre.ch\/wp-content\/uploads\/2018\/08\/prospectus-p-8-repartition-300x95.png 300w, https:\/\/salvabre.ch\/wp-content\/uploads\/2018\/08\/prospectus-p-8-repartition-768x244.png 768w, https:\/\/salvabre.ch\/wp-content\/uploads\/2018\/08\/prospectus-p-8-repartition-600x191.png 600w, https:\/\/salvabre.ch\/wp-content\/uploads\/2018\/08\/prospectus-p-8-repartition.png 1869w\" sizes=\"(max-width: 640px) 100vw, 640px\" \/><\/a>\n\t\t\t<\/div>\n\t\t\t\t<figcaption class='wp-caption-text gallery-caption' id='gallery-1-967'>\n\t\t\t\t&#8220;Equity prospectus&#8221; (p.8)\n\t\t\t\t<\/figcaption><\/figure><figure class='gallery-item'>\n\t\t\t<div class='gallery-icon landscape'>\n\t\t\t\t<a href='https:\/\/salvabre.ch\/wp-content\/uploads\/2018\/08\/teaser-p-9-3000-m2-spa.png'><img width=\"640\" height=\"360\" src=\"https:\/\/salvabre.ch\/wp-content\/uploads\/2018\/08\/teaser-p-9-3000-m2-spa-1024x576.png\" class=\"attachment-large size-large\" alt=\"\" loading=\"lazy\" aria-describedby=\"gallery-1-935\" srcset=\"https:\/\/salvabre.ch\/wp-content\/uploads\/2018\/08\/teaser-p-9-3000-m2-spa-1024x576.png 1024w, https:\/\/salvabre.ch\/wp-content\/uploads\/2018\/08\/teaser-p-9-3000-m2-spa-300x169.png 300w, https:\/\/salvabre.ch\/wp-content\/uploads\/2018\/08\/teaser-p-9-3000-m2-spa-768x432.png 768w, https:\/\/salvabre.ch\/wp-content\/uploads\/2018\/08\/teaser-p-9-3000-m2-spa-600x338.png 600w, https:\/\/salvabre.ch\/wp-content\/uploads\/2018\/08\/teaser-p-9-3000-m2-spa.png 1333w\" sizes=\"(max-width: 640px) 100vw, 640px\" \/><\/a>\n\t\t\t<\/div>\n\t\t\t\t<figcaption class='wp-caption-text gallery-caption' id='gallery-1-935'>\n\t\t\t\t&#8220;Investment teaser&#8221; (p.9)\n\t\t\t\t<\/figcaption><\/figure><figure class='gallery-item'>\n\t\t\t<div class='gallery-icon landscape'>\n\t\t\t\t<a href='https:\/\/salvabre.ch\/wp-content\/uploads\/2018\/08\/prospectus-p-8-surfaces.png'><img width=\"640\" height=\"390\" src=\"https:\/\/salvabre.ch\/wp-content\/uploads\/2018\/08\/prospectus-p-8-surfaces.png\" class=\"attachment-large size-large\" alt=\"\" loading=\"lazy\" aria-describedby=\"gallery-1-940\" srcset=\"https:\/\/salvabre.ch\/wp-content\/uploads\/2018\/08\/prospectus-p-8-surfaces.png 722w, https:\/\/salvabre.ch\/wp-content\/uploads\/2018\/08\/prospectus-p-8-surfaces-300x183.png 300w, https:\/\/salvabre.ch\/wp-content\/uploads\/2018\/08\/prospectus-p-8-surfaces-600x366.png 600w\" sizes=\"(max-width: 640px) 100vw, 640px\" \/><\/a>\n\t\t\t<\/div>\n\t\t\t\t<figcaption class='wp-caption-text gallery-caption' id='gallery-1-940'>\n\t\t\t\t&#8220;Equity prospectus&#8221; (p.9)\n\t\t\t\t<\/figcaption><\/figure><figure class='gallery-item'>\n\t\t\t<div class='gallery-icon landscape'>\n\t\t\t\t<a href='https:\/\/salvabre.ch\/wp-content\/uploads\/2018\/08\/prospectus-p-7-lexkoller.png'><img width=\"640\" height=\"265\" src=\"https:\/\/salvabre.ch\/wp-content\/uploads\/2018\/08\/prospectus-p-7-lexkoller.png\" class=\"attachment-large size-large\" alt=\"\" loading=\"lazy\" aria-describedby=\"gallery-1-943\" srcset=\"https:\/\/salvabre.ch\/wp-content\/uploads\/2018\/08\/prospectus-p-7-lexkoller.png 785w, https:\/\/salvabre.ch\/wp-content\/uploads\/2018\/08\/prospectus-p-7-lexkoller-300x124.png 300w, https:\/\/salvabre.ch\/wp-content\/uploads\/2018\/08\/prospectus-p-7-lexkoller-768x318.png 768w, https:\/\/salvabre.ch\/wp-content\/uploads\/2018\/08\/prospectus-p-7-lexkoller-600x248.png 600w\" sizes=\"(max-width: 640px) 100vw, 640px\" \/><\/a>\n\t\t\t<\/div>\n\t\t\t\t<figcaption class='wp-caption-text gallery-caption' id='gallery-1-943'>\n\t\t\t\t&#8220;Equity prospectus&#8221; (p.7)\n\t\t\t\t<\/figcaption><\/figure><figure class='gallery-item'>\n\t\t\t<div class='gallery-icon landscape'>\n\t\t\t\t<a href='https:\/\/salvabre.ch\/wp-content\/uploads\/2018\/08\/prospectus-p-7-imposingfromthelake.png'><img width=\"640\" height=\"229\" src=\"https:\/\/salvabre.ch\/wp-content\/uploads\/2018\/08\/prospectus-p-7-imposingfromthelake.png\" class=\"attachment-large size-large\" alt=\"\" loading=\"lazy\" aria-describedby=\"gallery-1-944\" srcset=\"https:\/\/salvabre.ch\/wp-content\/uploads\/2018\/08\/prospectus-p-7-imposingfromthelake.png 724w, https:\/\/salvabre.ch\/wp-content\/uploads\/2018\/08\/prospectus-p-7-imposingfromthelake-300x107.png 300w, https:\/\/salvabre.ch\/wp-content\/uploads\/2018\/08\/prospectus-p-7-imposingfromthelake-600x215.png 600w\" sizes=\"(max-width: 640px) 100vw, 640px\" \/><\/a>\n\t\t\t<\/div>\n\t\t\t\t<figcaption class='wp-caption-text gallery-caption' id='gallery-1-944'>\n\t\t\t\t&#8220;Equity prospectus&#8221; (p.7)\n\t\t\t\t<\/figcaption><\/figure><figure class='gallery-item'>\n\t\t\t<div class='gallery-icon landscape'>\n\t\t\t\t<a href='https:\/\/salvabre.ch\/wp-content\/uploads\/2018\/08\/prospectus-p-8-helicopter.png'><img width=\"640\" height=\"178\" src=\"https:\/\/salvabre.ch\/wp-content\/uploads\/2018\/08\/prospectus-p-8-helicopter.png\" class=\"attachment-large size-large\" alt=\"\" loading=\"lazy\" aria-describedby=\"gallery-1-946\" srcset=\"https:\/\/salvabre.ch\/wp-content\/uploads\/2018\/08\/prospectus-p-8-helicopter.png 721w, https:\/\/salvabre.ch\/wp-content\/uploads\/2018\/08\/prospectus-p-8-helicopter-300x84.png 300w, https:\/\/salvabre.ch\/wp-content\/uploads\/2018\/08\/prospectus-p-8-helicopter-600x167.png 600w\" sizes=\"(max-width: 640px) 100vw, 640px\" \/><\/a>\n\t\t\t<\/div>\n\t\t\t\t<figcaption class='wp-caption-text gallery-caption' id='gallery-1-946'>\n\t\t\t\t&#8220;Equity prospectus&#8221; (p.8)\n\t\t\t\t<\/figcaption><\/figure><figure class='gallery-item'>\n\t\t\t<div class='gallery-icon landscape'>\n\t\t\t\t<a href='https:\/\/salvabre.ch\/wp-content\/uploads\/2018\/08\/prospectus-p-13-debt.png'><img width=\"640\" height=\"252\" src=\"https:\/\/salvabre.ch\/wp-content\/uploads\/2018\/08\/prospectus-p-13-debt.png\" class=\"attachment-large size-large\" alt=\"\" loading=\"lazy\" aria-describedby=\"gallery-1-948\" srcset=\"https:\/\/salvabre.ch\/wp-content\/uploads\/2018\/08\/prospectus-p-13-debt.png 730w, https:\/\/salvabre.ch\/wp-content\/uploads\/2018\/08\/prospectus-p-13-debt-300x118.png 300w, https:\/\/salvabre.ch\/wp-content\/uploads\/2018\/08\/prospectus-p-13-debt-600x237.png 600w\" sizes=\"(max-width: 640px) 100vw, 640px\" \/><\/a>\n\t\t\t<\/div>\n\t\t\t\t<figcaption class='wp-caption-text gallery-caption' id='gallery-1-948'>\n\t\t\t\t&#8220;Equity prospectus&#8221; (p.13)\n\t\t\t\t<\/figcaption><\/figure><figure class='gallery-item'>\n\t\t\t<div class='gallery-icon landscape'>\n\t\t\t\t<a href='https:\/\/salvabre.ch\/wp-content\/uploads\/2018\/08\/prospectus-p-13-debt-table.png'><img width=\"640\" height=\"144\" src=\"https:\/\/salvabre.ch\/wp-content\/uploads\/2018\/08\/prospectus-p-13-debt-table-1024x231.png\" class=\"attachment-large size-large\" alt=\"\" loading=\"lazy\" aria-describedby=\"gallery-1-953\" srcset=\"https:\/\/salvabre.ch\/wp-content\/uploads\/2018\/08\/prospectus-p-13-debt-table-1024x231.png 1024w, https:\/\/salvabre.ch\/wp-content\/uploads\/2018\/08\/prospectus-p-13-debt-table-300x68.png 300w, https:\/\/salvabre.ch\/wp-content\/uploads\/2018\/08\/prospectus-p-13-debt-table-768x173.png 768w, https:\/\/salvabre.ch\/wp-content\/uploads\/2018\/08\/prospectus-p-13-debt-table-600x136.png 600w, https:\/\/salvabre.ch\/wp-content\/uploads\/2018\/08\/prospectus-p-13-debt-table.png 1824w\" sizes=\"(max-width: 640px) 100vw, 640px\" \/><\/a>\n\t\t\t<\/div>\n\t\t\t\t<figcaption class='wp-caption-text gallery-caption' id='gallery-1-953'>\n\t\t\t\t&#8220;Equity prospectus&#8221; (p.13)\n\t\t\t\t<\/figcaption><\/figure><figure class='gallery-item'>\n\t\t\t<div class='gallery-icon landscape'>\n\t\t\t\t<a href='https:\/\/salvabre.ch\/wp-content\/uploads\/2018\/08\/prospectus-p-11-tenniscourts.png'><img width=\"640\" height=\"32\" src=\"https:\/\/salvabre.ch\/wp-content\/uploads\/2018\/08\/prospectus-p-11-tenniscourts-1024x51.png\" class=\"attachment-large size-large\" alt=\"\" loading=\"lazy\" aria-describedby=\"gallery-1-951\" srcset=\"https:\/\/salvabre.ch\/wp-content\/uploads\/2018\/08\/prospectus-p-11-tenniscourts-1024x51.png 1024w, https:\/\/salvabre.ch\/wp-content\/uploads\/2018\/08\/prospectus-p-11-tenniscourts-300x15.png 300w, https:\/\/salvabre.ch\/wp-content\/uploads\/2018\/08\/prospectus-p-11-tenniscourts-768x39.png 768w, https:\/\/salvabre.ch\/wp-content\/uploads\/2018\/08\/prospectus-p-11-tenniscourts-600x30.png 600w, https:\/\/salvabre.ch\/wp-content\/uploads\/2018\/08\/prospectus-p-11-tenniscourts.png 1969w\" sizes=\"(max-width: 640px) 100vw, 640px\" \/><\/a>\n\t\t\t<\/div>\n\t\t\t\t<figcaption class='wp-caption-text gallery-caption' id='gallery-1-951'>\n\t\t\t\t&#8220;Equity prospectus&#8221; (p.11)\n\t\t\t\t<\/figcaption><\/figure><figure class='gallery-item'>\n\t\t\t<div class='gallery-icon landscape'>\n\t\t\t\t<a href='https:\/\/salvabre.ch\/wp-content\/uploads\/2018\/08\/interview-wolfensberger-breathe-the-brands.png'><img width=\"640\" height=\"173\" src=\"https:\/\/salvabre.ch\/wp-content\/uploads\/2018\/08\/interview-wolfensberger-breathe-the-brands.png\" class=\"attachment-large size-large\" alt=\"\" loading=\"lazy\" aria-describedby=\"gallery-1-972\" srcset=\"https:\/\/salvabre.ch\/wp-content\/uploads\/2018\/08\/interview-wolfensberger-breathe-the-brands.png 800w, https:\/\/salvabre.ch\/wp-content\/uploads\/2018\/08\/interview-wolfensberger-breathe-the-brands-300x81.png 300w, https:\/\/salvabre.ch\/wp-content\/uploads\/2018\/08\/interview-wolfensberger-breathe-the-brands-768x207.png 768w, https:\/\/salvabre.ch\/wp-content\/uploads\/2018\/08\/interview-wolfensberger-breathe-the-brands-600x162.png 600w\" sizes=\"(max-width: 640px) 100vw, 640px\" \/><\/a>\n\t\t\t<\/div>\n\t\t\t\t<figcaption class='wp-caption-text gallery-caption' id='gallery-1-972'>\n\t\t\t\tInterview president Augur Invest AG <a href=\"http:\/\/archive.is\/DXSD4\"> (tophotel.news).<\/a> \n\t\t\t\t<\/figcaption><\/figure><figure class='gallery-item'>\n\t\t\t<div class='gallery-icon landscape'>\n\t\t\t\t<a href='https:\/\/salvabre.ch\/wp-content\/uploads\/2018\/08\/interview-wolfensberger-lexweber.png'><img width=\"640\" height=\"113\" src=\"https:\/\/salvabre.ch\/wp-content\/uploads\/2018\/08\/interview-wolfensberger-lexweber.png\" class=\"attachment-large size-large\" alt=\"\" loading=\"lazy\" aria-describedby=\"gallery-1-974\" srcset=\"https:\/\/salvabre.ch\/wp-content\/uploads\/2018\/08\/interview-wolfensberger-lexweber.png 800w, https:\/\/salvabre.ch\/wp-content\/uploads\/2018\/08\/interview-wolfensberger-lexweber-300x53.png 300w, https:\/\/salvabre.ch\/wp-content\/uploads\/2018\/08\/interview-wolfensberger-lexweber-768x135.png 768w, https:\/\/salvabre.ch\/wp-content\/uploads\/2018\/08\/interview-wolfensberger-lexweber-600x106.png 600w\" sizes=\"(max-width: 640px) 100vw, 640px\" \/><\/a>\n\t\t\t<\/div>\n\t\t\t\t<figcaption class='wp-caption-text gallery-caption' id='gallery-1-974'>\n\t\t\t\tInterview president Augur Invest AG <a href=\"http:\/\/archive.is\/DXSD4\"> (tophotel.news).<\/a> \n\t\t\t\t<\/figcaption><\/figure><figure class='gallery-item'>\n\t\t\t<div class='gallery-icon landscape'>\n\t\t\t\t<a href='https:\/\/salvabre.ch\/wp-content\/uploads\/2018\/08\/prospectus-p-11-gantt.png'><img width=\"640\" height=\"221\" src=\"https:\/\/salvabre.ch\/wp-content\/uploads\/2018\/08\/prospectus-p-11-gantt.png\" class=\"attachment-large size-large\" alt=\"\" loading=\"lazy\" aria-describedby=\"gallery-1-936\" srcset=\"https:\/\/salvabre.ch\/wp-content\/uploads\/2018\/08\/prospectus-p-11-gantt.png 775w, https:\/\/salvabre.ch\/wp-content\/uploads\/2018\/08\/prospectus-p-11-gantt-300x104.png 300w, https:\/\/salvabre.ch\/wp-content\/uploads\/2018\/08\/prospectus-p-11-gantt-768x266.png 768w, https:\/\/salvabre.ch\/wp-content\/uploads\/2018\/08\/prospectus-p-11-gantt-600x207.png 600w\" sizes=\"(max-width: 640px) 100vw, 640px\" \/><\/a>\n\t\t\t<\/div>\n\t\t\t\t<figcaption class='wp-caption-text gallery-caption' id='gallery-1-936'>\n\t\t\t\t&#8220;Equity prospectus&#8221; (p.11)\n\t\t\t\t<\/figcaption><\/figure><figure class='gallery-item'>\n\t\t\t<div class='gallery-icon landscape'>\n\t\t\t\t<a href='https:\/\/salvabre.ch\/wp-content\/uploads\/2018\/08\/teaser-p-14-alan-scherrer.png'><img width=\"640\" height=\"360\" src=\"https:\/\/salvabre.ch\/wp-content\/uploads\/2018\/08\/teaser-p-14-alan-scherrer-1024x576.png\" class=\"attachment-large size-large\" alt=\"\" loading=\"lazy\" aria-describedby=\"gallery-1-938\" srcset=\"https:\/\/salvabre.ch\/wp-content\/uploads\/2018\/08\/teaser-p-14-alan-scherrer-1024x576.png 1024w, https:\/\/salvabre.ch\/wp-content\/uploads\/2018\/08\/teaser-p-14-alan-scherrer-300x169.png 300w, https:\/\/salvabre.ch\/wp-content\/uploads\/2018\/08\/teaser-p-14-alan-scherrer-768x432.png 768w, https:\/\/salvabre.ch\/wp-content\/uploads\/2018\/08\/teaser-p-14-alan-scherrer-600x338.png 600w, https:\/\/salvabre.ch\/wp-content\/uploads\/2018\/08\/teaser-p-14-alan-scherrer.png 1333w\" sizes=\"(max-width: 640px) 100vw, 640px\" \/><\/a>\n\t\t\t<\/div>\n\t\t\t\t<figcaption class='wp-caption-text gallery-caption' id='gallery-1-938'>\n\t\t\t\t&#8220;Investment teaser&#8221; (p.14)\n\t\t\t\t<\/figcaption><\/figure>\n\t\t<\/div>\n\n<p>&nbsp;<\/p>\n<h3><span lang=\"de-CH\"><a id=\"anderenworten\"><\/a>Mit anderen Worten<\/span><\/h3>\n<p><span lang=\"de-CH\">Mit anderen Worten: Das Reich der Fehlinvestitionen, des Hyper-Konsums, der Spekulation, des Pseudo-Luxus und der Betonw\u00fcrfel will nun, nachdem es seine Ebenen kolonisiert hat, kommen und die Tessiner Berge zerst\u00f6ren.<\/span><\/p>\n<p><span lang=\"de-CH\">Beachten Sie, dass dies weder eine Fantasie, noch ein Film, noch eine einfache Idee ist: Es handelt sich um einen konkreten Plan, f\u00fcr den der wesentliche Aspekt (Grundst\u00fcckserwerb) nahezu abgeschlossen ist und dessen Refinanzierung bereits im Gange ist.<\/span><\/p>\n<p><span lang=\"de-CH\">Schlimmer noch ist, dass einige unserer politischen F\u00fchrer offenbar bereits ihre implizite Zustimmung zu einer solchen Zerst\u00f6rung im Geheimen gegeben haben.<\/span><\/p>\n<p><span lang=\"de-CH\"><a href=\"http:\/\/salvabre.ch\/?page_id=1049&amp;lang=de\">So wollen wir sie aufhalten<\/a>.<\/span><\/p>\n","protected":false},"excerpt":{"rendered":"<p>Mutige Journalisten haben die destruktiven Pl\u00e4ne der Spekulanten ver\u00f6ffentlicht. Sie haben zwei Dokumente erhalten und zur \u00f6ffentlichen Konsultation online gestellt. Hier sind die Download-Links. Diese Dokumente sprechen f\u00fcr sich. Laden Sie den &#8220;Investment Teaser&#8221; (allgemeine Darstellung des Plans) herunter. Laden Sie den &#8220;Equity Prospectus&#8221; (Detailplan) herunter. Diese Seite besteht aus drei Abschnitten: Das Pharaonenprojekt im [&hellip;]<\/p>\n","protected":false},"author":1,"featured_media":0,"parent":0,"menu_order":0,"comment_status":"closed","ping_status":"closed","template":"","meta":[],"_links":{"self":[{"href":"https:\/\/salvabre.ch\/index.php?rest_route=\/wp\/v2\/pages\/1143"}],"collection":[{"href":"https:\/\/salvabre.ch\/index.php?rest_route=\/wp\/v2\/pages"}],"about":[{"href":"https:\/\/salvabre.ch\/index.php?rest_route=\/wp\/v2\/types\/page"}],"author":[{"embeddable":true,"href":"https:\/\/salvabre.ch\/index.php?rest_route=\/wp\/v2\/users\/1"}],"replies":[{"embeddable":true,"href":"https:\/\/salvabre.ch\/index.php?rest_route=%2Fwp%2Fv2%2Fcomments&post=1143"}],"version-history":[{"count":7,"href":"https:\/\/salvabre.ch\/index.php?rest_route=\/wp\/v2\/pages\/1143\/revisions"}],"predecessor-version":[{"id":1772,"href":"https:\/\/salvabre.ch\/index.php?rest_route=\/wp\/v2\/pages\/1143\/revisions\/1772"}],"wp:attachment":[{"href":"https:\/\/salvabre.ch\/index.php?rest_route=%2Fwp%2Fv2%2Fmedia&parent=1143"}],"curies":[{"name":"wp","href":"https:\/\/api.w.org\/{rel}","templated":true}]}}