{"id":1079,"date":"2018-08-31T20:38:05","date_gmt":"2018-08-31T20:38:05","guid":{"rendered":"http:\/\/salvabre.ch\/?page_id=1079"},"modified":"2018-09-09T19:56:53","modified_gmt":"2018-09-09T19:56:53","slug":"argomento","status":"publish","type":"page","link":"https:\/\/salvabre.ch\/?page_id=1079&lang=it","title":{"rendered":"Argomento"},"content":{"rendered":"<h4>La nostra argomentazione \u00e8 divisa in tre parti:<\/h4>\n<ul>\n<li><a href=\"#ecologico\">Ecologico<\/a><\/li>\n<li><a href=\"#economico\">Economico<\/a><\/li>\n<li><a href=\"#morale\">Morale<\/a><\/li>\n<\/ul>\n<hr \/>\n<h3><a id=\"ecologico\"><\/a>ECOLOGICO<\/h3>\n<p class=\"western\" align=\"justify\"><span lang=\"it-IT\">La quantit\u00e0 di traffico, rumore e rifiuti tipici delle operazioni a 5 stelle sono del tutto incompatibili con l&#8217;ambiente naturale in cui si trova Monte Br\u00e8. Questo tipo di eccesso e di rifiuti pu\u00f2 magari essere adatto a Saint-Tropez o a Saint-Barthelemy, ma certamente non alle nostre colline alpine.<\/span><\/p>\n<p class=\"western\" align=\"justify\"><span lang=\"it-IT\"><strong>In primo luogo<\/strong>, la costruzione stessa: si prevede l\u2019abbattimento di decine di edifici per lasciare spazio ad un mega resort 5 stelle, con oltre 150 residenze e 20\u2019000 metri quadrati di spazio &#8220;lussuoso&#8221; abitabile, 3\u2019000 metri quadrati di spa, una piscina coperta, due ristoranti e campi da tennis. Il tutto su un terreno di difficile accesso carrabile. Gi\u00e0 solo per questo motivo il progetto risulta assurdo. Come si pu\u00f2 immaginare di dover trasportare oltre 45.000 tonnellate di materiale (supponendo 2 tonnellate per metro quadrato), che si tradurrebbero in pi\u00f9 di 1.800 camion da 25 tonnellate, o oltre 30.000 transiti in elicottero da 1.5 tonnellate<!-- \u00c0 notre meilleure connaissance un h\u00e9licopt\u00e8re peut porter slmt un poids entre 750 et 1500 kg. Il faudrait donc \u00e0 notre avis \u00e9crire\u00a0: 30'000 voyages etc.. -->? A chi conosce Monte Br\u00e8 e Cardada, chiediamo: come si pu\u00f2 considerare seriamente anche questo?<br \/>\n<\/span><\/p>\n<p class=\"western\" align=\"justify\"><span lang=\"it-IT\"><strong>In secondo luogo<\/strong>, la strada: 150 appartamenti e camere d&#8217;albergo significano, supponendo un unico viaggio di andata e ritorno al giorno per residenza, 110&#8217;000 transiti aggiuntivi all&#8217;anno sulla nostra piccola strada di montagna di 5 chilometri! Ricordiamo inoltre che su gran parte della strada l\u2019incrocio di due veicoli non \u00e8 possibile. Noi, abitanti delle montagne, siamo diventati esperti nel dover percorrere regolarmente questa sinuosa e ripida strada, nel lasciar passare l&#8217;autista, a volte spaventato. Un tale aumento del traffico \u00e8 semplicemente impossibile. Gli elicotteri da diporto &#8211; o la trasformazione della strada in \u201cautostrada\u201d &#8211; sono naturalmente soluzioni ancora peggiori.<\/span><\/p>\n<p class=\"western\" align=\"justify\"><span lang=\"it-IT\"><strong>Infine<\/strong>, la montagna con la sua anima, le sue popolazioni di animali selvatici, funghi e alberi soffrirebbero notevolmente per questo iperconsumo megalomane che ricadrebbe su di loro. Per i suoi abitanti, anche la vita diventerebbe insostenibile; la megalopoli, in costante crescita, occuperebbe gran parte del suo ecosistema. I suoi abitanti sarebbero ridotti come i loro amici nella foresta al rango di indesiderabili forme di vita indigene.<\/span><\/p>\n<hr \/>\n<h3><a id=\"economico\"><\/a>ECONOMICO<\/h3>\n<p class=\"western\" align=\"justify\"><span lang=\"it-IT\">I malinvestimenti, descritti dalla teoria austriaca del ciclo economico, sono investimenti commerciali mal assegnati. Essi sono dovuti ad un costo del credito artificialmente basso e ad un aumento insostenibile dell&#8217;offerta di moneta. Il malinvestimento si verifica quando si ha una combinazione tra\u00a0<\/span>prestiti per riserva frazionaria<span lang=\"it-IT\"> e tassi d&#8217;interesse artificialmente bassi. Questi fungono da segnali ingannevoli per il prezzo relativo, che alla fine richiedono una contrazione correttiva: un boom seguito da una rovina.<\/span><\/p>\n<blockquote>\n<p class=\"western\" align=\"justify\"><span lang=\"it-IT\">La popolarit\u00e0 dell&#8217;inflazione e dell&#8217;espansione del credito, fonte ultima dei ripetuti tentativi di rendere pi\u00f9 ricche le persone e causa delle fluttuazioni cicliche degli affari, si manifesta chiaramente nella terminologia comune. Il boom \u00e8 chiamato \u201cbuon affare\u201d, \u201cbenessere\u201d, e \u201cripresa\u201d. Le sue conseguenze inevitabili che sono il riaggiustamento delle condizioni corrispondenti ai dati reali del mercato, si chiama crisi, crollo, cattivi affari o depressione. La gente si ribella all&#8217;idea che l&#8217;elemento di disturbo debba essere visto nel malinvestimento e nel sovraconsumo nel periodo del boom e che un tale boom indotto artificialmente sia destinato a fallire. Sono alla ricerca della pietra filosofale per farla durare\u201d <strong>(Ludwig von Mises, 1940)<\/strong>.<\/span><\/p>\n<\/blockquote>\n<p class=\"western\" align=\"justify\"><span lang=\"it-IT\">Il &#8220;boom immobiliare&#8221; a cui assistiamo in Svizzera negli ultimi decenni, accentuatosi dal 2008, \u00e8 un esempio\u00a0ovvio di malinvestimento.<\/span><\/p>\n<p class=\"western\" align=\"justify\"><span lang=\"it-IT\">Pensateci: ha molto senso. Con il costo del debito vicino allo zero, il potere d&#8217;acquisto collettivo per gli immobili \u00e8 aumentato. <\/span><span lang=\"it-IT\">In tale contesto, i prezzi degli immobili sono destinati ad aumentare, in quanto una quantit\u00e0 di denaro crescente (in modo esponenziale) insegue un inventario (relativamente) costante.<br \/>\n<\/span><\/p>\n<p class=\"western\" align=\"justify\"><span lang=\"it-IT\">Vi chiedete perch\u00e9 i costi delle lezioni universitarie negli Stati Uniti sono aumentati cos\u00ec drasticamente? Oppure, perch\u00e9 le auto nuove hanno un prezzo cos\u00ec elevato rispetto a quelle appena uscite dal concessionario? La risposta \u00e8 semplice, e sempre la stessa: il credito fittizio a basso tasso d\u2019interesse. <\/span><\/p>\n<p class=\"western\" align=\"justify\"><strong><span lang=\"it-IT\">In nessun ambito questo fenomeno \u00e8 pi\u00f9 marcato che nel settore immobiliare.<\/span><\/strong><\/p>\n<p class=\"western\" align=\"justify\"><span lang=\"it-IT\">Naturalmente, i responsabili politici ne sono consapevoli e cercano di trovare soluzioni per limitare il flusso di credito: limiti legali per i prestiti, restrizioni sui pensionamenti, etc. La gente pu\u00f2 anche osservare il fenomeno e votare di conseguenza: Lex Koller, Lex Weber, ecc. Eppure, lo tsunami del credito trover\u00e0 sempre una via per insidiarsi, e gli speculatori escogiteranno modi sempre pi\u00f9 elusivi per allocare quel debito. <\/span><\/p>\n<p class=\"western\" align=\"justify\"><span lang=\"it-IT\">Quindi, la manipolazione dei tassi di interesse al ribasso fa salire i prezzi degli immobili alle stelle: come conseguenza naturale, questo provoca anche un boom edilizio. I contratti di gestione alberghiera e i cosiddetti &#8220;mix-used resorts&#8221;, come quelli previsti a Monte Br\u00e8, sono un tipico esempio di come si possano trovare scappatoie per alleviare la crescente sete di leva finanziaria. Hanno senso solo in un contesto di espansione del credito; si trasformano in rovina quando la crescita esponenziale del debito inevitabilmente si ferma .<\/span><\/p>\n<p class=\"western\"><span lang=\"it-IT\">Quando queste imprese dispendiose e distruttive, che non hanno nulla a che vedere con il libero mercato e tutto a che fare con la pianificazione economica centrale, comportano la distruzione di una montagna e della sua comunit\u00e0, dovrebbero essere fermate per volont\u00e0 unanime.<\/span><\/p>\n<hr \/>\n<h3><a id=\"morale\"><\/a>MORALE<\/h3>\n<p class=\"western\" align=\"justify\"><span lang=\"it-IT\">L&#8217;autodeterminazione, principio cardine del diritto internazionale moderno, ha assunto per estensione il significato di libera scelta dei propri atti senza giogo esterno. \u00c8 una modernizzazione dell&#8217;antica regola d&#8217;oro: fai agli altri ci\u00f2 che vorresti che facessero a te. In altre parole, libert\u00e0 dalla coercizione, dalla costrizione, dall&#8217;inizio della violenza. Si parla anche di libert\u00e0 individuale che rappresenta la pi\u00f9 piccola entit\u00e0 morale alla base della civilt\u00e0; tramite essa dimostriamo la nostra miglior comprensione della legge naturale in quanto esseri umani. Questo principio fondamentale fonda e governa il nostro Paese e il nostro Cantone.<\/span><\/p>\n<p class=\"western\" align=\"justify\"><span lang=\"it-IT\">In applicazione di questo principio, come reagisce una comunit\u00e0 isolata quando viene scoperto un progetto segreto, che comporta l&#8217;appropriazione e la distruzione delle proprie case, la sostituzione dei suoi abitanti e la profanazione del suo paradiso con uno sfogo di cemento decadente, dispendioso e distruttivo? <\/span><\/p>\n<p class=\"western\" align=\"justify\"><span lang=\"it-IT\">Ha l&#8217;obbligo morale, non solo per s\u00e9 stessa e per i suoi figli, ma in rispetto di tutta la vita presente e futura della montagna, di fermare tale progetto con ogni mezzo pacifico necessario.<\/span><\/p>\n","protected":false},"excerpt":{"rendered":"<p>La nostra argomentazione \u00e8 divisa in tre parti: Ecologico Economico Morale ECOLOGICO La quantit\u00e0 di traffico, rumore e rifiuti tipici delle operazioni a 5 stelle sono del tutto incompatibili con l&#8217;ambiente naturale in cui si trova Monte Br\u00e8. Questo tipo di eccesso e di rifiuti pu\u00f2 magari essere adatto a Saint-Tropez o a Saint-Barthelemy, ma [&hellip;]<\/p>\n","protected":false},"author":1,"featured_media":0,"parent":0,"menu_order":0,"comment_status":"closed","ping_status":"closed","template":"","meta":[],"_links":{"self":[{"href":"https:\/\/salvabre.ch\/index.php?rest_route=\/wp\/v2\/pages\/1079"}],"collection":[{"href":"https:\/\/salvabre.ch\/index.php?rest_route=\/wp\/v2\/pages"}],"about":[{"href":"https:\/\/salvabre.ch\/index.php?rest_route=\/wp\/v2\/types\/page"}],"author":[{"embeddable":true,"href":"https:\/\/salvabre.ch\/index.php?rest_route=\/wp\/v2\/users\/1"}],"replies":[{"embeddable":true,"href":"https:\/\/salvabre.ch\/index.php?rest_route=%2Fwp%2Fv2%2Fcomments&post=1079"}],"version-history":[{"count":7,"href":"https:\/\/salvabre.ch\/index.php?rest_route=\/wp\/v2\/pages\/1079\/revisions"}],"predecessor-version":[{"id":1745,"href":"https:\/\/salvabre.ch\/index.php?rest_route=\/wp\/v2\/pages\/1079\/revisions\/1745"}],"wp:attachment":[{"href":"https:\/\/salvabre.ch\/index.php?rest_route=%2Fwp%2Fv2%2Fmedia&parent=1079"}],"curies":[{"name":"wp","href":"https:\/\/api.w.org\/{rel}","templated":true}]}}