{"id":1075,"date":"2018-08-31T20:18:13","date_gmt":"2018-08-31T20:18:13","guid":{"rendered":"http:\/\/salvabre.ch\/?page_id=1075"},"modified":"2018-09-09T20:02:18","modified_gmt":"2018-09-09T20:02:18","slug":"faq-3","status":"publish","type":"page","link":"https:\/\/salvabre.ch\/?page_id=1075&lang=it","title":{"rendered":"FAQ"},"content":{"rendered":"<h3 class=\"western\" align=\"justify\"><span lang=\"it-IT\">Perch\u00e9 essere contrari?<\/span><\/h3>\n<p class=\"western\" align=\"justify\"><span lang=\"it-IT\"><a href=\"http:\/\/salvabre.ch\/?page_id=1079&amp;lang=it\">Vedasi le nostre argomentazioni<\/a>: economiche, ecologiche e morali.<\/span><\/p>\n<p>&nbsp;<\/p>\n<h3 class=\"western\" align=\"justify\"><span lang=\"it-IT\">Perch\u00e9 salvare Monte Br\u00e8, se distruggerlo significa aumentare il gettito fiscale?<\/span><\/h3>\n<p class=\"western\" align=\"justify\"><span lang=\"it-IT\">Entrate fiscali per fare cosa? Che cosa ti serve che non hai gi\u00e0? Supponiamo che la maggior parte delle persone capisca che la loro qualit\u00e0 di vita non dipende dal potere del governo. I nostri castagneti, i nostri paesaggi, le nostre case in pietra: questi sono la nostra vera ricchezza. <\/span><\/p>\n<p class=\"western\" align=\"justify\"><span lang=\"it-IT\">Cercare i funghi in autunno; incontrare un cervo mentre si sale sulla montagna; godersi il silenzio e la pace del bosco quando lo si vuole; fare escursioni per i nostri bellissimi sentieri: questi sono i motivi che ci rendono ricchi. Guardie armate, voli in elicottero da diporto e resort barricati vanno contro questi valori. La ricchezza monetaria che gli speculatori portano con s\u00e9 \u00e8 fittizia: significa debito, sia letteralmente sia in senso figurato. Distruggere Monte Br\u00e8 per permettere a pochi multimilionari (che <span class=\"cit cit-type-translation\"><span class=\"quote\">ai nostri tempi<\/span><\/span> non hanno probabilmente mai prodotto un valore commisurato al loro potere d&#8217;acquisto) di soddisfare il loro stile di vita futile, epicureo ed effimero, equivarrebbe a ipotecare la nostra montagna e a vendere i nostri figli.<\/span><\/p>\n<p class=\"western\" align=\"justify\"><span lang=\"it-IT\">Il nostro governo non ha bisogno di pi\u00f9 potere, o pi\u00f9 soldi. Non ha bisogno di attirare i nuovi ricchi russi, sauditi o cinesi per poter svolgere adeguatamente il suo ruolo.<\/span><\/p>\n<p>&nbsp;<\/p>\n<h3 class=\"western\" align=\"justify\"><span lang=\"it-IT\">Monte Br\u00e8 \u00e8 una comunit\u00e0 che muore, questo lo far\u00e0 rivivere! <\/span><\/h3>\n<p class=\"western\" align=\"justify\"><span lang=\"it-IT\">Monte Br\u00e8 non \u00e8 mai stato cos\u00ec bello come oggi. \u00c8 vero, come in molti ambienti rurali\/montagnosi, la sua popolazione \u00e8 diminuita nelle ultime generazioni. Ma la foresta \u00e8 cresciuta, la fauna selvatica ha ricolonizzato la terra e il turismo rispettoso si \u00e8 sviluppato. Tutto questo negli ultimi 30 anni. Oggi \u00e8 la patria di chi comprende e cerca il vero lusso: natura, silenzio, modestia e bellezza. <\/span><\/p>\n<p class=\"western\" align=\"justify\"><span lang=\"it-IT\">Quando si dispone di acqua sorgiva e una vista pregiatissima, non si necessita di una casa da milioni o di una carriera da milionario. Le tradizionali abitazioni in pietra scelte dai nostri antenati come le pi\u00f9 efficienti sulle nostre colline, sono in armonia con il paesaggio e lo valorizzano. La strada stretta e ripida che collega Monte Br\u00e8 al mondo \u00e8 un deterrente per i pi\u00f9 deboli di cuore, ma riserva un paradiso a chi ha coraggiosamente percorso questa via. <\/span><\/p>\n<p>&nbsp;<\/p>\n<h3 class=\"western\" align=\"justify\"><span lang=\"it-IT\">Perch\u00e9 siete contrari al turismo?<\/span><\/h3>\n<p class=\"western\" align=\"justify\"><span lang=\"it-IT\">Amiamo i turisti e li accogliamo tutto l&#8217;anno. Ogni viaggiatore esperto e di buon gusto conosce la montagna che sovrasta Locarno. Ci sono escursionisti, ciclisti o sciatori sui pendii, parapendisti e alianti nel cielo. Fanno parte dell&#8217;ecosistema, la loro presenza \u00e8 naturale.<\/span><\/p>\n<p class=\"western\" align=\"justify\"><span lang=\"it-IT\">Ora immaginate, in mezzo a tutto questo, 150 residenze cinque stelle (cio\u00e8 cubi pubblicitari in calcestruzzo a 3 piani), vendute a oltre 22&#8217;000 CHF al metro quadrato come &#8220;trofei&#8221; a multimilionari stranieri che hanno bisogno di 3000 metri quadrati di spa per la loro soddisfazione. Un&#8217;immagine ben diversa da quella del cortese e gentile svizzero-tedesco, non credi? Monte Br\u00e8 e Cardada non hanno l&#8217;ambizione di essere trasformati in Courchevel.<\/span><\/p>\n<p class=\"western\" align=\"justify\"><span lang=\"it-IT\">Ci auguriamo che i turisti abituali che ci conoscono e amano la nostra montagna <a href=\"http:\/\/salvabre.ch\/?page_id=1047&amp;lang=it\">ci aiutino a preservare il nostro e il loro paradiso<\/a> naturale. <\/span><\/p>\n<p>&nbsp;<\/p>\n<h3 class=\"western\" align=\"justify\"><span lang=\"it-IT\">Proponete una soluzione?<\/span><\/h3>\n<p class=\"western\" align=\"justify\"><span lang=\"it-IT\">S\u00ec. Ci auguriamo che la nostra azione pacifica dimostri che gli abitanti di Monte Br\u00e8 e Cardada siano combattivi e persino imbattibili. Che condividiamo un forte senso di armonia naturale e di sovranit\u00e0 individuale. <\/span><\/p>\n<p class=\"western\" align=\"justify\"><span lang=\"it-IT\">Ti senti come noi? Speriamo di costituire, entro i prossimi 12 mesi, un elenco di soggetti interessati, che siano disposti ad acquistare una casa a Monte Br\u00e8, per quanto modesta, e ad entrare a far parte della nostra comunit\u00e0 libertaria. Se vivete gi\u00e0 nella regione, preferite 20 minuti di traffico o 20 minuti di bosco? In caso contrario: sappi che qui sta nascendo un nuovo spirito di libert\u00e0, puoi venire ad aiutarci a concretizzarlo.<\/span><\/p>\n<p class=\"western\" align=\"justify\"><span lang=\"it-IT\">Riteniamo di poter costituire un elenco di questo tipo e pensiamo che ci sar\u00e0 un numero importante di abbonati; in fondo, Monte Br\u00e8, il balcone sopra Locarno, \u00e8 il posto migliore per vivere nel mondo. Abbiamo acqua sorgiva, una vista di valore inestimabile, sole senza limiti, e siamo circondati da una foresta ricca di fauna selvatica, senza dimenticare che i prezzi degli immobili sono da 2 a 3 volte inferiori a quelli in pianura. Presto saremo in grado di rivolgerci agli speculatori e di proporre una soluzione amichevole. Nessuna casa sar\u00e0 distrutta, nessun cubo di cemento sar\u00e0 gettato e soprattutto la comunit\u00e0 potr\u00e0 prosperare. L\u2019unico effetto che questo malefico progetto avr\u00e0 suscitato sar\u00e0 una nuova energia e solidariet\u00e0 sulla nostra montagna.<\/span><\/p>\n<p class=\"western\" align=\"justify\"><span lang=\"it-IT\">Per fare parte di questa ondata di libert\u00e0, <a href=\"mailto:icaros.igrec@salvabre.ch\">inviaci un&#8217;e-mail<\/a>.<\/span><\/p>\n","protected":false},"excerpt":{"rendered":"<p>Perch\u00e9 essere contrari? Vedasi le nostre argomentazioni: economiche, ecologiche e morali. &nbsp; Perch\u00e9 salvare Monte Br\u00e8, se distruggerlo significa aumentare il gettito fiscale? Entrate fiscali per fare cosa? Che cosa ti serve che non hai gi\u00e0? Supponiamo che la maggior parte delle persone capisca che la loro qualit\u00e0 di vita non dipende dal potere del [&hellip;]<\/p>\n","protected":false},"author":1,"featured_media":0,"parent":0,"menu_order":0,"comment_status":"closed","ping_status":"closed","template":"","meta":[],"_links":{"self":[{"href":"https:\/\/salvabre.ch\/index.php?rest_route=\/wp\/v2\/pages\/1075"}],"collection":[{"href":"https:\/\/salvabre.ch\/index.php?rest_route=\/wp\/v2\/pages"}],"about":[{"href":"https:\/\/salvabre.ch\/index.php?rest_route=\/wp\/v2\/types\/page"}],"author":[{"embeddable":true,"href":"https:\/\/salvabre.ch\/index.php?rest_route=\/wp\/v2\/users\/1"}],"replies":[{"embeddable":true,"href":"https:\/\/salvabre.ch\/index.php?rest_route=%2Fwp%2Fv2%2Fcomments&post=1075"}],"version-history":[{"count":13,"href":"https:\/\/salvabre.ch\/index.php?rest_route=\/wp\/v2\/pages\/1075\/revisions"}],"predecessor-version":[{"id":1751,"href":"https:\/\/salvabre.ch\/index.php?rest_route=\/wp\/v2\/pages\/1075\/revisions\/1751"}],"wp:attachment":[{"href":"https:\/\/salvabre.ch\/index.php?rest_route=%2Fwp%2Fv2%2Fmedia&parent=1075"}],"curies":[{"name":"wp","href":"https:\/\/api.w.org\/{rel}","templated":true}]}}