{"id":1068,"date":"2018-08-31T19:38:48","date_gmt":"2018-08-31T19:38:48","guid":{"rendered":"http:\/\/salvabre.ch\/?page_id=1068"},"modified":"2020-08-26T17:58:24","modified_gmt":"2020-08-26T15:58:24","slug":"distruzione","status":"publish","type":"page","link":"https:\/\/salvabre.ch\/?page_id=1068&lang=it","title":{"rendered":"Distruzione"},"content":{"rendered":"<h3>Alcuni giornalisti coraggiosi hanno pubblicato i piani distruttivi degli speculatori: hanno scoperto due documenti e li hanno messi online per la consultazione.<\/h3>\n<p>Qui ci sono i link per il download. Questi documenti parlano da soli.<\/p>\n<ul>\n<li><a href=\"https:\/\/drive.google.com\/file\/d\/19wOogG7_ADsygb2NDFJEcmp6MXPW4yAc\/view?usp=sharing\" target=\"_blank\" rel=\"noopener\">Scarica il &#8220;investment teaser&#8221;<\/a> (presentazione generale del progetto).<\/li>\n<li><a href=\"https:\/\/drive.google.com\/file\/d\/1bD1z14OKBtqPH0-iKfiUByRjZHmNc3ut\/view?usp=sharing\" target=\"_blank\" rel=\"noopener\">Scarica il &#8220;equity prospectus&#8221;<\/a> (progetto dettagliato).<\/li>\n<\/ul>\n<p>Questa pagina ha tre paragrafi :<\/p>\n<ul>\n<li><a href=\"#sintesi\">Il progetto faraonico in sintesi<\/a><\/li>\n<li><a href=\"#prova\">Elementi di prova<\/a><\/li>\n<li><a href=\"#altreparole\">In altre parole<\/a><\/li>\n<\/ul>\n<hr \/>\n<h3><a id=\"sintesi\"><\/a>Il progetto faraonico in sintesi<\/h3>\n<h5 class=\"western\" align=\"justify\"><span lang=\"it-IT\">A Monte Br\u00e8 \/ Cardada gli speculatori hanno gi\u00e0 acquistato numerosi terreni edificabili ripartiti su di una vasta area per un totale di oltre 30&#8217;000 metri quadri.<\/span><\/h5>\n<h5 class=\"western\" align=\"justify\"><span lang=\"it-IT\">La loro idea \u00e8 quella di procedere con la demolizione di tutte le costruzioni presenti sui fondi acquistati e di costruire al loro posto degli edifici di 3 o 4 piani (per un totale di oltre 150 appartamenti \/ camere &#8220;lussuosi&#8221;).<\/span><\/h5>\n<h5 class=\"western\" align=\"justify\"><span lang=\"it-IT\">La loro intenzione \u00e8 quella di vendere i moderni appartamenti ai cosiddetti HNWI (multimilionari) stranieri con prezzi da capogiro: oltre CHF 22&#8217;000.- al metro quadrato.<\/span><\/h5>\n<h5 class=\"western\" align=\"justify\"><span lang=\"it-IT\">Queste strutture 5 stelle prevedono inoltre la creazione di circa 70 posti auto, 3\u2019000 metri quadrati di Spa, 2 ristoranti, campi da tennis e una piscina coperta (il tutto in zone inaccessibili con la strada).<\/span><\/h5>\n<h5 class=\"western\" align=\"justify\"><span lang=\"it-IT\">Il fondatore e speculatore capo spiega candidamente come, attraverso i &#8220;contratti di gestione alberghiera&#8221;, sarebbe in grado di aggirare la Lex Koller e la Lex Weber.<\/span><\/h5>\n<h5 class=\"western\" align=\"justify\"><span lang=\"it-IT\">Le residenze che intendono costruire devono essere cofinanziate da societ\u00e0 selezionate e verranno poi utilizzate a scopi pubblicitari.<\/span><\/h5>\n<h5 class=\"western\" align=\"justify\"><span lang=\"it-IT\">Il progetto esibisce queste case pseudo-lussuose come &#8220;beni trofeo&#8221; &#8211; cio\u00e8 il tipo di bene che si acquista non tanto per amore della regione e dei suoi paesaggi, ma solo per poterlo mostrate come un premio futile.<\/span><\/h5>\n<h5 class=\"western\" align=\"justify\"><span lang=\"it-IT\">I multimilionari stranieri (proprietari e ospiti delle residenze) sarebbero trasportati da e per il sito in elicottero.<br \/>\n<\/span><\/h5>\n<h5 class=\"western\" align=\"justify\"><span lang=\"it-IT\">Il sito sorgerebbe in una posizione &#8220;ben visibile dal lago&#8221; e offrirebbe &#8220;una sensazione di maestosit\u00e0 ai visitatori&#8221;. Rappresenterebbe quindi una caricatura della megalomania e del cattivo gusto.<\/span><\/h5>\n<h5><\/h5>\n<h3><a id=\"prova\"><\/a>Elementi di prova<\/h3>\n<p>Fare clic sulle immagini per visualizzare meglio le prove.<\/p>\n<div id='gallery-1' class='gallery galleryid-1068 gallery-columns-1 gallery-size-large'><figure class='gallery-item'>\n\t\t\t<div class='gallery-icon landscape'>\n\t\t\t\t<a href='https:\/\/salvabre.ch\/wp-content\/uploads\/2018\/08\/teaser-p-5.png'><img width=\"640\" height=\"360\" src=\"https:\/\/salvabre.ch\/wp-content\/uploads\/2018\/08\/teaser-p-5-1024x576.png\" class=\"attachment-large size-large\" alt=\"\" loading=\"lazy\" aria-describedby=\"gallery-1-920\" srcset=\"https:\/\/salvabre.ch\/wp-content\/uploads\/2018\/08\/teaser-p-5-1024x576.png 1024w, https:\/\/salvabre.ch\/wp-content\/uploads\/2018\/08\/teaser-p-5-300x169.png 300w, https:\/\/salvabre.ch\/wp-content\/uploads\/2018\/08\/teaser-p-5-768x432.png 768w, https:\/\/salvabre.ch\/wp-content\/uploads\/2018\/08\/teaser-p-5-600x338.png 600w, https:\/\/salvabre.ch\/wp-content\/uploads\/2018\/08\/teaser-p-5.png 1333w\" sizes=\"(max-width: 640px) 100vw, 640px\" \/><\/a>\n\t\t\t<\/div>\n\t\t\t\t<figcaption class='wp-caption-text gallery-caption' id='gallery-1-920'>\n\t\t\t\t&#8220;Investment teaser&#8221; (p.5)\n\t\t\t\t<\/figcaption><\/figure><figure class='gallery-item'>\n\t\t\t<div class='gallery-icon landscape'>\n\t\t\t\t<a href='https:\/\/salvabre.ch\/wp-content\/uploads\/2018\/08\/teaser-p-3.png'><img width=\"640\" height=\"360\" src=\"https:\/\/salvabre.ch\/wp-content\/uploads\/2018\/08\/teaser-p-3-1024x576.png\" class=\"attachment-large size-large\" alt=\"\" loading=\"lazy\" aria-describedby=\"gallery-1-929\" srcset=\"https:\/\/salvabre.ch\/wp-content\/uploads\/2018\/08\/teaser-p-3-1024x576.png 1024w, https:\/\/salvabre.ch\/wp-content\/uploads\/2018\/08\/teaser-p-3-300x169.png 300w, https:\/\/salvabre.ch\/wp-content\/uploads\/2018\/08\/teaser-p-3-768x432.png 768w, https:\/\/salvabre.ch\/wp-content\/uploads\/2018\/08\/teaser-p-3-600x338.png 600w, https:\/\/salvabre.ch\/wp-content\/uploads\/2018\/08\/teaser-p-3.png 1333w\" sizes=\"(max-width: 640px) 100vw, 640px\" \/><\/a>\n\t\t\t<\/div>\n\t\t\t\t<figcaption class='wp-caption-text gallery-caption' id='gallery-1-929'>\n\t\t\t\t&#8220;Investment teaser&#8221; (p.3)\n\t\t\t\t<\/figcaption><\/figure><figure class='gallery-item'>\n\t\t\t<div class='gallery-icon landscape'>\n\t\t\t\t<a href='https:\/\/salvabre.ch\/wp-content\/uploads\/2018\/08\/teaser-p-8-excess.png'><img width=\"640\" height=\"360\" src=\"https:\/\/salvabre.ch\/wp-content\/uploads\/2018\/08\/teaser-p-8-excess-1024x576.png\" class=\"attachment-large size-large\" alt=\"\" loading=\"lazy\" aria-describedby=\"gallery-1-963\" srcset=\"https:\/\/salvabre.ch\/wp-content\/uploads\/2018\/08\/teaser-p-8-excess-1024x576.png 1024w, https:\/\/salvabre.ch\/wp-content\/uploads\/2018\/08\/teaser-p-8-excess-300x169.png 300w, https:\/\/salvabre.ch\/wp-content\/uploads\/2018\/08\/teaser-p-8-excess-768x432.png 768w, https:\/\/salvabre.ch\/wp-content\/uploads\/2018\/08\/teaser-p-8-excess-600x338.png 600w, https:\/\/salvabre.ch\/wp-content\/uploads\/2018\/08\/teaser-p-8-excess.png 1200w\" sizes=\"(max-width: 640px) 100vw, 640px\" \/><\/a>\n\t\t\t<\/div>\n\t\t\t\t<figcaption class='wp-caption-text gallery-caption' id='gallery-1-963'>\n\t\t\t\t&#8220;Investment teaser&#8221; (p.8)\n\t\t\t\t<\/figcaption><\/figure><figure class='gallery-item'>\n\t\t\t<div class='gallery-icon landscape'>\n\t\t\t\t<a href='https:\/\/salvabre.ch\/wp-content\/uploads\/2018\/08\/prospectus-p-11-nb-residences.png'><img width=\"640\" height=\"138\" src=\"https:\/\/salvabre.ch\/wp-content\/uploads\/2018\/08\/prospectus-p-11-nb-residences.png\" class=\"attachment-large size-large\" alt=\"\" loading=\"lazy\" aria-describedby=\"gallery-1-934\" srcset=\"https:\/\/salvabre.ch\/wp-content\/uploads\/2018\/08\/prospectus-p-11-nb-residences.png 777w, https:\/\/salvabre.ch\/wp-content\/uploads\/2018\/08\/prospectus-p-11-nb-residences-300x64.png 300w, https:\/\/salvabre.ch\/wp-content\/uploads\/2018\/08\/prospectus-p-11-nb-residences-768x165.png 768w, https:\/\/salvabre.ch\/wp-content\/uploads\/2018\/08\/prospectus-p-11-nb-residences-600x129.png 600w\" sizes=\"(max-width: 640px) 100vw, 640px\" \/><\/a>\n\t\t\t<\/div>\n\t\t\t\t<figcaption class='wp-caption-text gallery-caption' id='gallery-1-934'>\n\t\t\t\t&#8220;Equity prospectus&#8221; (p.11)\n\t\t\t\t<\/figcaption><\/figure><figure class='gallery-item'>\n\t\t\t<div class='gallery-icon landscape'>\n\t\t\t\t<a href='https:\/\/salvabre.ch\/wp-content\/uploads\/2018\/08\/prospectus-p-8-repartition.png'><img width=\"640\" height=\"203\" src=\"https:\/\/salvabre.ch\/wp-content\/uploads\/2018\/08\/prospectus-p-8-repartition-1024x325.png\" class=\"attachment-large size-large\" alt=\"\" loading=\"lazy\" aria-describedby=\"gallery-1-967\" srcset=\"https:\/\/salvabre.ch\/wp-content\/uploads\/2018\/08\/prospectus-p-8-repartition-1024x325.png 1024w, https:\/\/salvabre.ch\/wp-content\/uploads\/2018\/08\/prospectus-p-8-repartition-300x95.png 300w, https:\/\/salvabre.ch\/wp-content\/uploads\/2018\/08\/prospectus-p-8-repartition-768x244.png 768w, https:\/\/salvabre.ch\/wp-content\/uploads\/2018\/08\/prospectus-p-8-repartition-600x191.png 600w, https:\/\/salvabre.ch\/wp-content\/uploads\/2018\/08\/prospectus-p-8-repartition.png 1869w\" sizes=\"(max-width: 640px) 100vw, 640px\" \/><\/a>\n\t\t\t<\/div>\n\t\t\t\t<figcaption class='wp-caption-text gallery-caption' id='gallery-1-967'>\n\t\t\t\t&#8220;Equity prospectus&#8221; (p.8)\n\t\t\t\t<\/figcaption><\/figure><figure class='gallery-item'>\n\t\t\t<div class='gallery-icon landscape'>\n\t\t\t\t<a href='https:\/\/salvabre.ch\/wp-content\/uploads\/2018\/08\/teaser-p-9-3000-m2-spa.png'><img width=\"640\" height=\"360\" src=\"https:\/\/salvabre.ch\/wp-content\/uploads\/2018\/08\/teaser-p-9-3000-m2-spa-1024x576.png\" class=\"attachment-large size-large\" alt=\"\" loading=\"lazy\" aria-describedby=\"gallery-1-935\" srcset=\"https:\/\/salvabre.ch\/wp-content\/uploads\/2018\/08\/teaser-p-9-3000-m2-spa-1024x576.png 1024w, https:\/\/salvabre.ch\/wp-content\/uploads\/2018\/08\/teaser-p-9-3000-m2-spa-300x169.png 300w, https:\/\/salvabre.ch\/wp-content\/uploads\/2018\/08\/teaser-p-9-3000-m2-spa-768x432.png 768w, https:\/\/salvabre.ch\/wp-content\/uploads\/2018\/08\/teaser-p-9-3000-m2-spa-600x338.png 600w, https:\/\/salvabre.ch\/wp-content\/uploads\/2018\/08\/teaser-p-9-3000-m2-spa.png 1333w\" sizes=\"(max-width: 640px) 100vw, 640px\" \/><\/a>\n\t\t\t<\/div>\n\t\t\t\t<figcaption class='wp-caption-text gallery-caption' id='gallery-1-935'>\n\t\t\t\t&#8220;Investment teaser&#8221; (p.9)\n\t\t\t\t<\/figcaption><\/figure><figure class='gallery-item'>\n\t\t\t<div class='gallery-icon landscape'>\n\t\t\t\t<a href='https:\/\/salvabre.ch\/wp-content\/uploads\/2018\/08\/prospectus-p-8-surfaces.png'><img width=\"640\" height=\"390\" src=\"https:\/\/salvabre.ch\/wp-content\/uploads\/2018\/08\/prospectus-p-8-surfaces.png\" class=\"attachment-large size-large\" alt=\"\" loading=\"lazy\" aria-describedby=\"gallery-1-940\" srcset=\"https:\/\/salvabre.ch\/wp-content\/uploads\/2018\/08\/prospectus-p-8-surfaces.png 722w, https:\/\/salvabre.ch\/wp-content\/uploads\/2018\/08\/prospectus-p-8-surfaces-300x183.png 300w, https:\/\/salvabre.ch\/wp-content\/uploads\/2018\/08\/prospectus-p-8-surfaces-600x366.png 600w\" sizes=\"(max-width: 640px) 100vw, 640px\" \/><\/a>\n\t\t\t<\/div>\n\t\t\t\t<figcaption class='wp-caption-text gallery-caption' id='gallery-1-940'>\n\t\t\t\t&#8220;Equity prospectus&#8221; (p.9)\n\t\t\t\t<\/figcaption><\/figure><figure class='gallery-item'>\n\t\t\t<div class='gallery-icon landscape'>\n\t\t\t\t<a href='https:\/\/salvabre.ch\/wp-content\/uploads\/2018\/08\/prospectus-p-7-lexkoller.png'><img width=\"640\" height=\"265\" src=\"https:\/\/salvabre.ch\/wp-content\/uploads\/2018\/08\/prospectus-p-7-lexkoller.png\" class=\"attachment-large size-large\" alt=\"\" loading=\"lazy\" aria-describedby=\"gallery-1-943\" srcset=\"https:\/\/salvabre.ch\/wp-content\/uploads\/2018\/08\/prospectus-p-7-lexkoller.png 785w, https:\/\/salvabre.ch\/wp-content\/uploads\/2018\/08\/prospectus-p-7-lexkoller-300x124.png 300w, https:\/\/salvabre.ch\/wp-content\/uploads\/2018\/08\/prospectus-p-7-lexkoller-768x318.png 768w, https:\/\/salvabre.ch\/wp-content\/uploads\/2018\/08\/prospectus-p-7-lexkoller-600x248.png 600w\" sizes=\"(max-width: 640px) 100vw, 640px\" \/><\/a>\n\t\t\t<\/div>\n\t\t\t\t<figcaption class='wp-caption-text gallery-caption' id='gallery-1-943'>\n\t\t\t\t&#8220;Equity prospectus&#8221; (p.7)\n\t\t\t\t<\/figcaption><\/figure><figure class='gallery-item'>\n\t\t\t<div class='gallery-icon landscape'>\n\t\t\t\t<a href='https:\/\/salvabre.ch\/wp-content\/uploads\/2018\/08\/prospectus-p-7-imposingfromthelake.png'><img width=\"640\" height=\"229\" src=\"https:\/\/salvabre.ch\/wp-content\/uploads\/2018\/08\/prospectus-p-7-imposingfromthelake.png\" class=\"attachment-large size-large\" alt=\"\" loading=\"lazy\" aria-describedby=\"gallery-1-944\" srcset=\"https:\/\/salvabre.ch\/wp-content\/uploads\/2018\/08\/prospectus-p-7-imposingfromthelake.png 724w, https:\/\/salvabre.ch\/wp-content\/uploads\/2018\/08\/prospectus-p-7-imposingfromthelake-300x107.png 300w, https:\/\/salvabre.ch\/wp-content\/uploads\/2018\/08\/prospectus-p-7-imposingfromthelake-600x215.png 600w\" sizes=\"(max-width: 640px) 100vw, 640px\" \/><\/a>\n\t\t\t<\/div>\n\t\t\t\t<figcaption class='wp-caption-text gallery-caption' id='gallery-1-944'>\n\t\t\t\t&#8220;Equity prospectus&#8221; (p.7)\n\t\t\t\t<\/figcaption><\/figure><figure class='gallery-item'>\n\t\t\t<div class='gallery-icon landscape'>\n\t\t\t\t<a href='https:\/\/salvabre.ch\/wp-content\/uploads\/2018\/08\/prospectus-p-8-helicopter.png'><img width=\"640\" height=\"178\" src=\"https:\/\/salvabre.ch\/wp-content\/uploads\/2018\/08\/prospectus-p-8-helicopter.png\" class=\"attachment-large size-large\" alt=\"\" loading=\"lazy\" aria-describedby=\"gallery-1-946\" srcset=\"https:\/\/salvabre.ch\/wp-content\/uploads\/2018\/08\/prospectus-p-8-helicopter.png 721w, https:\/\/salvabre.ch\/wp-content\/uploads\/2018\/08\/prospectus-p-8-helicopter-300x84.png 300w, https:\/\/salvabre.ch\/wp-content\/uploads\/2018\/08\/prospectus-p-8-helicopter-600x167.png 600w\" sizes=\"(max-width: 640px) 100vw, 640px\" \/><\/a>\n\t\t\t<\/div>\n\t\t\t\t<figcaption class='wp-caption-text gallery-caption' id='gallery-1-946'>\n\t\t\t\t&#8220;Equity prospectus&#8221; (p.8)\n\t\t\t\t<\/figcaption><\/figure><figure class='gallery-item'>\n\t\t\t<div class='gallery-icon landscape'>\n\t\t\t\t<a href='https:\/\/salvabre.ch\/wp-content\/uploads\/2018\/08\/prospectus-p-13-debt.png'><img width=\"640\" height=\"252\" src=\"https:\/\/salvabre.ch\/wp-content\/uploads\/2018\/08\/prospectus-p-13-debt.png\" class=\"attachment-large size-large\" alt=\"\" loading=\"lazy\" aria-describedby=\"gallery-1-948\" srcset=\"https:\/\/salvabre.ch\/wp-content\/uploads\/2018\/08\/prospectus-p-13-debt.png 730w, https:\/\/salvabre.ch\/wp-content\/uploads\/2018\/08\/prospectus-p-13-debt-300x118.png 300w, https:\/\/salvabre.ch\/wp-content\/uploads\/2018\/08\/prospectus-p-13-debt-600x237.png 600w\" sizes=\"(max-width: 640px) 100vw, 640px\" \/><\/a>\n\t\t\t<\/div>\n\t\t\t\t<figcaption class='wp-caption-text gallery-caption' id='gallery-1-948'>\n\t\t\t\t&#8220;Equity prospectus&#8221; (p.13)\n\t\t\t\t<\/figcaption><\/figure><figure class='gallery-item'>\n\t\t\t<div class='gallery-icon landscape'>\n\t\t\t\t<a href='https:\/\/salvabre.ch\/wp-content\/uploads\/2018\/08\/prospectus-p-13-debt-table.png'><img width=\"640\" height=\"144\" src=\"https:\/\/salvabre.ch\/wp-content\/uploads\/2018\/08\/prospectus-p-13-debt-table-1024x231.png\" class=\"attachment-large size-large\" alt=\"\" loading=\"lazy\" aria-describedby=\"gallery-1-953\" srcset=\"https:\/\/salvabre.ch\/wp-content\/uploads\/2018\/08\/prospectus-p-13-debt-table-1024x231.png 1024w, https:\/\/salvabre.ch\/wp-content\/uploads\/2018\/08\/prospectus-p-13-debt-table-300x68.png 300w, https:\/\/salvabre.ch\/wp-content\/uploads\/2018\/08\/prospectus-p-13-debt-table-768x173.png 768w, https:\/\/salvabre.ch\/wp-content\/uploads\/2018\/08\/prospectus-p-13-debt-table-600x136.png 600w, https:\/\/salvabre.ch\/wp-content\/uploads\/2018\/08\/prospectus-p-13-debt-table.png 1824w\" sizes=\"(max-width: 640px) 100vw, 640px\" \/><\/a>\n\t\t\t<\/div>\n\t\t\t\t<figcaption class='wp-caption-text gallery-caption' id='gallery-1-953'>\n\t\t\t\t&#8220;Equity prospectus&#8221; (p.13)\n\t\t\t\t<\/figcaption><\/figure><figure class='gallery-item'>\n\t\t\t<div class='gallery-icon landscape'>\n\t\t\t\t<a href='https:\/\/salvabre.ch\/wp-content\/uploads\/2018\/08\/prospectus-p-11-tenniscourts.png'><img width=\"640\" height=\"32\" src=\"https:\/\/salvabre.ch\/wp-content\/uploads\/2018\/08\/prospectus-p-11-tenniscourts-1024x51.png\" class=\"attachment-large size-large\" alt=\"\" loading=\"lazy\" aria-describedby=\"gallery-1-951\" srcset=\"https:\/\/salvabre.ch\/wp-content\/uploads\/2018\/08\/prospectus-p-11-tenniscourts-1024x51.png 1024w, https:\/\/salvabre.ch\/wp-content\/uploads\/2018\/08\/prospectus-p-11-tenniscourts-300x15.png 300w, https:\/\/salvabre.ch\/wp-content\/uploads\/2018\/08\/prospectus-p-11-tenniscourts-768x39.png 768w, https:\/\/salvabre.ch\/wp-content\/uploads\/2018\/08\/prospectus-p-11-tenniscourts-600x30.png 600w, https:\/\/salvabre.ch\/wp-content\/uploads\/2018\/08\/prospectus-p-11-tenniscourts.png 1969w\" sizes=\"(max-width: 640px) 100vw, 640px\" \/><\/a>\n\t\t\t<\/div>\n\t\t\t\t<figcaption class='wp-caption-text gallery-caption' id='gallery-1-951'>\n\t\t\t\t&#8220;Equity prospectus&#8221; (p.11)\n\t\t\t\t<\/figcaption><\/figure><figure class='gallery-item'>\n\t\t\t<div class='gallery-icon landscape'>\n\t\t\t\t<a href='https:\/\/salvabre.ch\/wp-content\/uploads\/2018\/08\/interview-wolfensberger-breathe-the-brands.png'><img width=\"640\" height=\"173\" src=\"https:\/\/salvabre.ch\/wp-content\/uploads\/2018\/08\/interview-wolfensberger-breathe-the-brands.png\" class=\"attachment-large size-large\" alt=\"\" loading=\"lazy\" aria-describedby=\"gallery-1-972\" srcset=\"https:\/\/salvabre.ch\/wp-content\/uploads\/2018\/08\/interview-wolfensberger-breathe-the-brands.png 800w, https:\/\/salvabre.ch\/wp-content\/uploads\/2018\/08\/interview-wolfensberger-breathe-the-brands-300x81.png 300w, https:\/\/salvabre.ch\/wp-content\/uploads\/2018\/08\/interview-wolfensberger-breathe-the-brands-768x207.png 768w, https:\/\/salvabre.ch\/wp-content\/uploads\/2018\/08\/interview-wolfensberger-breathe-the-brands-600x162.png 600w\" sizes=\"(max-width: 640px) 100vw, 640px\" \/><\/a>\n\t\t\t<\/div>\n\t\t\t\t<figcaption class='wp-caption-text gallery-caption' id='gallery-1-972'>\n\t\t\t\tInterview president Augur Invest AG <a href=\"http:\/\/archive.is\/DXSD4\"> (tophotel.news).<\/a> \n\t\t\t\t<\/figcaption><\/figure><figure class='gallery-item'>\n\t\t\t<div class='gallery-icon landscape'>\n\t\t\t\t<a href='https:\/\/salvabre.ch\/wp-content\/uploads\/2018\/08\/interview-wolfensberger-lexweber.png'><img width=\"640\" height=\"113\" src=\"https:\/\/salvabre.ch\/wp-content\/uploads\/2018\/08\/interview-wolfensberger-lexweber.png\" class=\"attachment-large size-large\" alt=\"\" loading=\"lazy\" aria-describedby=\"gallery-1-974\" srcset=\"https:\/\/salvabre.ch\/wp-content\/uploads\/2018\/08\/interview-wolfensberger-lexweber.png 800w, https:\/\/salvabre.ch\/wp-content\/uploads\/2018\/08\/interview-wolfensberger-lexweber-300x53.png 300w, https:\/\/salvabre.ch\/wp-content\/uploads\/2018\/08\/interview-wolfensberger-lexweber-768x135.png 768w, https:\/\/salvabre.ch\/wp-content\/uploads\/2018\/08\/interview-wolfensberger-lexweber-600x106.png 600w\" sizes=\"(max-width: 640px) 100vw, 640px\" \/><\/a>\n\t\t\t<\/div>\n\t\t\t\t<figcaption class='wp-caption-text gallery-caption' id='gallery-1-974'>\n\t\t\t\tInterview president Augur Invest AG <a href=\"http:\/\/archive.is\/DXSD4\"> (tophotel.news).<\/a> \n\t\t\t\t<\/figcaption><\/figure><figure class='gallery-item'>\n\t\t\t<div class='gallery-icon landscape'>\n\t\t\t\t<a href='https:\/\/salvabre.ch\/wp-content\/uploads\/2018\/08\/prospectus-p-11-gantt.png'><img width=\"640\" height=\"221\" src=\"https:\/\/salvabre.ch\/wp-content\/uploads\/2018\/08\/prospectus-p-11-gantt.png\" class=\"attachment-large size-large\" alt=\"\" loading=\"lazy\" aria-describedby=\"gallery-1-936\" srcset=\"https:\/\/salvabre.ch\/wp-content\/uploads\/2018\/08\/prospectus-p-11-gantt.png 775w, https:\/\/salvabre.ch\/wp-content\/uploads\/2018\/08\/prospectus-p-11-gantt-300x104.png 300w, https:\/\/salvabre.ch\/wp-content\/uploads\/2018\/08\/prospectus-p-11-gantt-768x266.png 768w, https:\/\/salvabre.ch\/wp-content\/uploads\/2018\/08\/prospectus-p-11-gantt-600x207.png 600w\" sizes=\"(max-width: 640px) 100vw, 640px\" \/><\/a>\n\t\t\t<\/div>\n\t\t\t\t<figcaption class='wp-caption-text gallery-caption' id='gallery-1-936'>\n\t\t\t\t&#8220;Equity prospectus&#8221; (p.11)\n\t\t\t\t<\/figcaption><\/figure>\n\t\t<\/div>\n\n<p>&nbsp;<\/p>\n<h3><a id=\"altreparole\"><\/a>In altre parole<\/h3>\n<p class=\"western\" align=\"justify\"><span lang=\"it-IT\">In altre parole: l&#8217;impero del malinvestimento, dell&#8217;iperconsumismo, della speculazione, dello pseudo-lusso, dell&#8217;inquinamento e dei cubi di cemento, dopo aver colonizzato le pianure, inizierebbe a dissacrare i monti ticinesi.<\/span><\/p>\n<p class=\"western\" align=\"justify\"><span lang=\"it-IT\">Notate dunque come non si tratti di una fantasia, di un film o di una semplice idea: \u00e8 un progetto vero e proprio, per il quale l&#8217;aspetto pi\u00f9 importante (l&#8217;acquisizione del terreno) \u00e8 quasi concluso e per il quale si stanno raccogliendo i necessari finanziamenti. Ma non \u00e8 tutto: alcuni dei nostri leader politici sembrerebbero aver gi\u00e0 dato, in segreto, il loro benestare a tale distruzione.<\/span><\/p>\n<p><a href=\"http:\/\/salvabre.ch\/?page_id=1047&amp;lang=it\">Ecco come pensiamo di fermarli.<\/a><\/p>\n<hr \/>\n<p><a href=\"https:\/\/www.rsi.ch\/news\/oltre-la-news\/Il-giallo-del-resort-Lago-Maggiore-10846292.html\">Update<\/a> (10\/09\/2018):<\/p>\n<blockquote><p>&#8220;N\u00e9 io personalmente n\u00e9 il Municipio abbiamo ricevuto documentazione o una domanda di costruzione. Non posso quindi dare la mia adesione a un progetto di cui non conosco nulla e intendo chiedere ai promotori di non utilizzare il mio nome a scopo promozionale. Mi spiace ma io sono abituato a lavorare in modo serio&#8221;, commenta invece il sindaco di Locarno Alain Scherrer.<\/p><\/blockquote>\n","protected":false},"excerpt":{"rendered":"<p>Alcuni giornalisti coraggiosi hanno pubblicato i piani distruttivi degli speculatori: hanno scoperto due documenti e li hanno messi online per la consultazione. Qui ci sono i link per il download. Questi documenti parlano da soli. Scarica il &#8220;investment teaser&#8221; (presentazione generale del progetto). Scarica il &#8220;equity prospectus&#8221; (progetto dettagliato). Questa pagina ha tre paragrafi : [&hellip;]<\/p>\n","protected":false},"author":1,"featured_media":0,"parent":0,"menu_order":0,"comment_status":"closed","ping_status":"closed","template":"","meta":[],"_links":{"self":[{"href":"https:\/\/salvabre.ch\/index.php?rest_route=\/wp\/v2\/pages\/1068"}],"collection":[{"href":"https:\/\/salvabre.ch\/index.php?rest_route=\/wp\/v2\/pages"}],"about":[{"href":"https:\/\/salvabre.ch\/index.php?rest_route=\/wp\/v2\/types\/page"}],"author":[{"embeddable":true,"href":"https:\/\/salvabre.ch\/index.php?rest_route=\/wp\/v2\/users\/1"}],"replies":[{"embeddable":true,"href":"https:\/\/salvabre.ch\/index.php?rest_route=%2Fwp%2Fv2%2Fcomments&post=1068"}],"version-history":[{"count":13,"href":"https:\/\/salvabre.ch\/index.php?rest_route=\/wp\/v2\/pages\/1068\/revisions"}],"predecessor-version":[{"id":2360,"href":"https:\/\/salvabre.ch\/index.php?rest_route=\/wp\/v2\/pages\/1068\/revisions\/2360"}],"wp:attachment":[{"href":"https:\/\/salvabre.ch\/index.php?rest_route=%2Fwp%2Fv2%2Fmedia&parent=1068"}],"curies":[{"name":"wp","href":"https:\/\/api.w.org\/{rel}","templated":true}]}}