{"id":1049,"date":"2018-08-30T22:05:35","date_gmt":"2018-08-30T22:05:35","guid":{"rendered":"http:\/\/salvabre.ch\/?page_id=1049"},"modified":"2021-01-14T17:17:44","modified_gmt":"2021-01-14T16:17:44","slug":"was-kann-ich-tun","status":"publish","type":"page","link":"https:\/\/salvabre.ch\/?page_id=1049&lang=de","title":{"rendered":"Was kann ich machen?"},"content":{"rendered":"<h4><span lang=\"de-CH\">Es gibt zwei M\u00f6glichkeiten, uns zu helfen:<\/span><\/h4>\n<ul>\n<li><a href=\"#beste\"><span lang=\"de-CH\">Der beste Weg<\/span><\/a><\/li>\n<li><span lang=\"de-CH\">Der <a href=\"#zwei\">zweitbeste Weg<\/a><\/span><\/li>\n<\/ul>\n<hr \/>\n<h3><a id=\"beste\"><\/a>Der beste Weg<\/h3>\n<p><span lang=\"de-CH\">Wenn Sie in der Region Sopraceneri leben oder Eigent\u00fcmer sind, gibt es eine sehr einfache M\u00f6glichkeit, diesem b\u00f6sartigen Projekt entgegenzuwirken. Es ist so offensichtlich, billig und effizient, dass wir fast nicht daran gedacht haben!<\/span><\/p>\n<h4><span lang=\"de-CH\">H\u00e4ngen Sie ein grosses Banner vor Ihr Grundst\u00fcck.<\/span><\/h4>\n<p><span lang=\"de-CH\">Denken Sie dar\u00fcber nach. Wer w\u00fcrde solch ein spekulatives Risiko eingehen, wenn man bei jedem Besuch der Website und der Region die<\/span><span lang=\"de-CH\"><i> Vox Populi<\/i><\/span><span lang=\"de-CH\"> nicht \u00fcbersehen kann? Sie werden gezwungen sein, aufzugeben. Da wir sie fr\u00fch genug in ihrem Vorhaben erwischt haben, wird diese einfache Initiative st\u00e4rker sein als jedes Gesetz oder Referendum (das \u00fcbrigens nicht ausgeschlossen ist).<\/span><\/p>\n<p><span lang=\"de-CH\">Tats\u00e4chlich w\u00fcrde jeder potentielle &#8220;Investor&#8221; die Region sehen wollen und die Website besuchen, bevor er seine Brieftasche \u00f6ffnet. Wir m\u00fcssen daf\u00fcr sorgen, dass sie richtig empfangen werden, wenn sie kommen.<\/span><\/p>\n<hr \/>\n<p><em><img loading=\"lazy\" class=\"aligncenter wp-image-1583\" src=\"http:\/\/salvabre.ch\/wp-content\/uploads\/2018\/09\/hotel_website_smaller2.png\" alt=\"\" width=\"500\" height=\"375\" srcset=\"https:\/\/salvabre.ch\/wp-content\/uploads\/2018\/09\/hotel_website_smaller2.png 900w, https:\/\/salvabre.ch\/wp-content\/uploads\/2018\/09\/hotel_website_smaller2-300x225.png 300w, https:\/\/salvabre.ch\/wp-content\/uploads\/2018\/09\/hotel_website_smaller2-768x576.png 768w, https:\/\/salvabre.ch\/wp-content\/uploads\/2018\/09\/hotel_website_smaller2-600x450.png 600w\" sizes=\"(max-width: 500px) 100vw, 500px\" \/><\/em><\/p>\n<hr \/>\n<p><span lang=\"de-CH\">Wir haben dieses <a href=\"http:\/\/salvabre.ch\/copyleft\/logo.pdf\">Logo<\/a>, dieses <a href=\"http:\/\/salvabre.ch\/copyleft\/striscione.pdf\">Banner<\/a> und diese <a href=\"http:\/\/salvabre.ch\/copyleft\/bandiera.pdf\">Flagge<\/a> produziert. Diese hochaufgel\u00f6sten Inhalte sind, wie alles andere auf dieser Seite,<\/span><span lang=\"de-CH\"><i> copyleft.<\/i><\/span><span lang=\"de-CH\"> Sie<\/span> <span lang=\"de-CH\">k\u00f6nnen damit<\/span> <span lang=\"de-CH\">machen<\/span>, was sie wollen.<\/p>\n<p><span lang=\"de-CH\">Wir bitten unsere Freunde, sich ein so grosses Banner wie m\u00f6glich zu besorgen, entweder indem sie es selbst ausdrucken oder in unserem Online-Shop bestellen. H\u00e4ngen Sie es an die sichtbarste Stelle ausserhalb Ihres Hauses. Lassen Sie es dort, bis die Spekulanten \u00f6ffentlich auf ihre Pl\u00e4ne verzichtet haben. Wenn Sie Zugang zu den richtigen Ger\u00e4ten haben, k\u00f6nnen Sie so viele drucken, wie Sie wollen, in der gew\u00fcnschten Gr\u00f6sse, und diese verwenden\/verkaufen, wie Sie m\u00f6chten.<\/span><\/p>\n<p><span lang=\"de-CH\">Ideale Standorte f\u00fcr diese Banner sind von der Strasse aus gut sichtbar, besonders auf dem Weg zu Monte Br\u00e8: Solduno und Locarno-Monti im Westen, Minusio und Orselina im Osten. Jeder Balkon, egal welcher Gr\u00f6sse, in den Stadtzentren von Locarno, Tenero, Muralto, Losone oder Ascona ist genauso wertvoll. Und nat\u00fcrlich w\u00e4re der Magadino Pian &#8211; der Weg zu unserem regionalen Paradies &#8211; auch ein hervorragendes Hindernis f\u00fcr diese Grausamkeit.<\/span><\/p>\n<p><span lang=\"de-CH\">Wenn Sie den richtigen Ort besitzen, k\u00f6nnen Sie den spekulativen Wahnsinn alleine stoppen. Stellen Sie sich vor, Sie werden in der Stadt von einem 5m x 12m Schild begr\u00fcsst: <strong>SALVA MONTE BR\u00c8<\/strong>. Eine solche Zurschaustellung w\u00e4re fantastisch, aber sie ist nicht einmal erforderlich. Das Gebiet wird schnell abgedeckt, und Sie k\u00f6nnen uns dabei helfen.<\/span><\/p>\n<hr \/>\n<h3><a id=\"zwei\"><\/a>Der zweitbeste Weg<\/h3>\n<p><span lang=\"de-CH\">Wenn Sie kein Banner aufh\u00e4ngen k\u00f6nnen und uns trotzdem helfen wollen, unterst\u00fctzen Sie uns bitte finanziell. Es gibt keine kleinen Beitr\u00e4ge, jede Unterst\u00fctzung ist mehr als willkommen.<\/span><\/p>\n<p><span lang=\"de-CH\">Unsere \u00d6ffentlichkeitsarbeit beginnt gerade erst. Zun\u00e4chst werden wir versuchen, die Region mit einer einfachen abschreckenden Botschaft abzudecken: <strong>SALVA MONTE BR\u00c8<\/strong>. <\/span><\/p>\n<p><span lang=\"de-CH\">Wo wir keine freiwillige Beschilderung erhalten k\u00f6nnen, planen wir, Werbefl\u00e4chen zu mieten: Balkone, Geb\u00e4ude, Busse, Fassaden, Lastwagen, etc. Aufstrebende &#8220;Investoren&#8221; werden die Region auf jeden Fall besuchen wollen: Wir werden daf\u00fcr sorgen, dass sie dementsprechend willkommen geheissen werden.<\/span><\/p>\n<p><span lang=\"de-CH\">Wir haben noch andere Karten im \u00c4rmel, f\u00fcr die wir den \u00dcberraschungseffekt beibehalten. Unsere Guerillataktik (-marketing) erfordert nicht viel Geld, kostet aber dennoch einige Ressourcen: vor allem f\u00fcr Inhalt-Ersteller, Print- und PR-\/Medienkosten und politische Initiativen.<\/span><\/p>\n<p><span lang=\"de-CH\">F\u00fcr weitere Informationen <a href=\"https:\/\/salvabre.ch\/?p=2400&amp;lang=de\" target=\"_blank\" rel=\"noopener\">besuchen Sie bitte diese Seite<\/a>.<\/span><\/p>\n","protected":false},"excerpt":{"rendered":"<p>Es gibt zwei M\u00f6glichkeiten, uns zu helfen: Der beste Weg Der zweitbeste Weg Der beste Weg Wenn Sie in der Region Sopraceneri leben oder Eigent\u00fcmer sind, gibt es eine sehr einfache M\u00f6glichkeit, diesem b\u00f6sartigen Projekt entgegenzuwirken. Es ist so offensichtlich, billig und effizient, dass wir fast nicht daran gedacht haben! H\u00e4ngen Sie ein grosses Banner [&hellip;]<\/p>\n","protected":false},"author":1,"featured_media":0,"parent":0,"menu_order":0,"comment_status":"closed","ping_status":"closed","template":"","meta":[],"_links":{"self":[{"href":"https:\/\/salvabre.ch\/index.php?rest_route=\/wp\/v2\/pages\/1049"}],"collection":[{"href":"https:\/\/salvabre.ch\/index.php?rest_route=\/wp\/v2\/pages"}],"about":[{"href":"https:\/\/salvabre.ch\/index.php?rest_route=\/wp\/v2\/types\/page"}],"author":[{"embeddable":true,"href":"https:\/\/salvabre.ch\/index.php?rest_route=\/wp\/v2\/users\/1"}],"replies":[{"embeddable":true,"href":"https:\/\/salvabre.ch\/index.php?rest_route=%2Fwp%2Fv2%2Fcomments&post=1049"}],"version-history":[{"count":15,"href":"https:\/\/salvabre.ch\/index.php?rest_route=\/wp\/v2\/pages\/1049\/revisions"}],"predecessor-version":[{"id":2405,"href":"https:\/\/salvabre.ch\/index.php?rest_route=\/wp\/v2\/pages\/1049\/revisions\/2405"}],"wp:attachment":[{"href":"https:\/\/salvabre.ch\/index.php?rest_route=%2Fwp%2Fv2%2Fmedia&parent=1049"}],"curies":[{"name":"wp","href":"https:\/\/api.w.org\/{rel}","templated":true}]}}