{"id":1047,"date":"2018-08-30T22:05:22","date_gmt":"2018-08-30T22:05:22","guid":{"rendered":"http:\/\/salvabre.ch\/?page_id=1047"},"modified":"2021-01-14T17:19:51","modified_gmt":"2021-01-14T16:19:51","slug":"cosa-posso-fare","status":"publish","type":"page","link":"https:\/\/salvabre.ch\/?page_id=1047&lang=it","title":{"rendered":"Cosa posso fare?"},"content":{"rendered":"<h4>Ci sono due modi per aiutarci:<\/h4>\n<ul>\n<li><a href=\"#migliore\">Il modo migliore<\/a> (se vivete nella regione)<\/li>\n<li>Il <a href=\"#secondo\">secondo modo migliore<\/a><\/li>\n<\/ul>\n<hr \/>\n<h3><a id=\"migliore\"><\/a>Il modo migliore<\/h3>\n<p class=\"western\" align=\"justify\"><span lang=\"it-IT\">Se vivete nella regione del Sopraceneri, c&#8217;\u00e8 un modo molto semplice per aiutarci a sconfiggere questi piani nefasti. \u00c8 facile, a buon mercato ed efficace: un vero gioco da ragazzi!<br \/>\n<\/span><\/p>\n<h4 class=\"western\" align=\"justify\"><span lang=\"it-IT\">Appendere uno striscione di grandi dimensioni al di fuori della propria abitazione.<\/span><\/h4>\n<p class=\"western\" align=\"justify\"><span lang=\"it-IT\">Pensateci. Chi si assumer\u00e0 il rischio finanziario di tale speculazione se visitando la regione e il luogo prender\u00e0 coscienza della volont\u00e0 della popolazione? Chi pensava inizialmente di partecipare a tale progetto dovr\u00e0 gioco forza riconsiderare la propria posizione. Proprio perch\u00e9 agiamo tempestivamente, questa nostra semplice iniziativa sar\u00e0 pi\u00f9 potente di qualsiasi legge o referendum (malgrado quest\u2019ultimi non siano esclusi).<\/span><\/p>\n<p align=\"justify\">Infatti, qualsiasi potenziale &#8220;investitore&#8221; vorrebbe certamente vedere la regione, e visitare il sito prima di aprire il suo portafoglio. Dobbiamo garantire che siano accolti in modo adeguato quando arriveranno.<\/p>\n<hr \/>\n<p align=\"justify\"><em><img loading=\"lazy\" class=\"aligncenter wp-image-1583\" src=\"http:\/\/salvabre.ch\/wp-content\/uploads\/2018\/09\/hotel_website_smaller2.png\" alt=\"\" width=\"500\" height=\"375\" srcset=\"https:\/\/salvabre.ch\/wp-content\/uploads\/2018\/09\/hotel_website_smaller2.png 900w, https:\/\/salvabre.ch\/wp-content\/uploads\/2018\/09\/hotel_website_smaller2-300x225.png 300w, https:\/\/salvabre.ch\/wp-content\/uploads\/2018\/09\/hotel_website_smaller2-768x576.png 768w, https:\/\/salvabre.ch\/wp-content\/uploads\/2018\/09\/hotel_website_smaller2-600x450.png 600w\" sizes=\"(max-width: 500px) 100vw, 500px\" \/><\/em><\/p>\n<hr \/>\n<p class=\"western\" align=\"justify\"><span lang=\"it-IT\">Abbiamo gi\u00e0 creato il <a href=\"http:\/\/salvabre.ch\/copyleft\/logo.pdf\">logo<\/a>, lo <a href=\"http:\/\/salvabre.ch\/copyleft\/striscione.pdf\">striscione<\/a> e la <a href=\"http:\/\/salvabre.ch\/copyleft\/bandiera.pdf\">bandiera<\/a>. I loro contenuti ad alta risoluzione, come l\u2019intero contenuto di questo sito possono essere utilizzati e diffusi liberamente (<em>copyleft<\/em>).<br \/>\n<\/span><\/p>\n<p class=\"western\" align=\"justify\"><span lang=\"it-IT\">Ecco cosa chiediamo ai nostri amici: procuratevi uno striscione il pi\u00f9 grande possibile, stampandolo voi stessi o ordinandolo nel nostro negozio. Appendetelo nel punto pi\u00f9 visibile al di fuori della vostra abitazione. Mantenetelo fino a quando gli speculatori non avranno pubblicamente rinunciato ai loro piani. Siete liberi di stampare tutto il materiale a piacimento e soprattutto sentitevi liberi di utilizzarlo e venderlo. <\/span><\/p>\n<p class=\"western\" align=\"justify\"><span lang=\"it-IT\">Idealmente, questi striscioni dovrebbero essere appesi in modo tale da essere ben visibili dalla strada, soprattutto da quella che porta fino a Monte Br\u00e8: Solduno e Locarno-Monti a ovest, Minusio e Orselina ad est. Qualsiasi balcone, indipendentemente dalle sue dimensioni, nei centri di Locarno, Tenero, Muralto, Losone o Ascona sarebbe altrettanto prezioso. Non da ultimo, gli striscioni potrebbero apparire anche nella zona del Piano di Magadino, sulla strada che porta al nostro paradiso regionale, rivelandosi cos\u00ec un ottimo deterrente contro questo spregiudicato progetto. <\/span><\/p>\n<p class=\"western\" align=\"justify\"><a name=\"_GoBack\"><\/a><span lang=\"it-IT\">Gi\u00e0 solo chi dispone di una vasta propriet\u00e0, potrebbe fermare questa follia. Immagina di essere salutato in citt\u00e0 con un cartellone di 5m x 12m con la scritta \u201c<strong>SALVA MONTE BR\u00c8<\/strong>\u201d. Tale ostentazione sarebbe sorprendente, ma non \u00e8 necessaria. Intendiamo diffondere la nostra opposizione a macchia d&#8217;olio con l\u2019aiuto di tutti.<\/span><\/p>\n<hr \/>\n<h3><a id=\"secondo\"><\/a>Il secondo modo migliore<\/h3>\n<p>Se non puoi appendere un banner, e se vuoi ancora aiutarci, ti preghiamo di sostenerci finanziariamente. Non ci sono contributi minimi; qualsiasi sostegno \u00e8 pi\u00f9 che benvenuto.<\/p>\n<p>Il nostro lavoro di pubbliche relazioni \u00e8 solo all&#8217;inizio. Inizialmente, cercheremo di coprire la regione con un semplice messaggio dissuasivo: <strong>SALVA MONTE BR\u00c8<\/strong>.<\/p>\n<p>Dove non saremo in grado di ottenere segnaletica volontaria, abbiamo in programma di affittare spazi pubblicitari: balconi, edifici, autobus, facciate, camion, gru, ecc. Gli aspiranti \u201cinvestitori\u201d dovranno certamente visitare il sito: faremo in modo che siano accolti nella maniera pi\u00f9 consona quando sar\u00e0 il caso.<\/p>\n<p>Abbiamo altre carte in mano, per le quali manteniamo l&#8217;effetto sorpresa. Le nostre tattiche di guerriglia (-marketing) non richiedono tonnellate di denaro, ma comunque costano alcune risorse: principalmente per i creatori di contenuti, costi di stampa e PR\/media, e iniziative politiche.<\/p>\n<p>Per ulteriori informazioni, <a href=\"https:\/\/salvabre.ch\/?p=2398&amp;lang=it\" target=\"_blank\" rel=\"noopener\">consultare questa pagina<\/a>.<\/p>\n","protected":false},"excerpt":{"rendered":"<p>Ci sono due modi per aiutarci: Il modo migliore (se vivete nella regione) Il secondo modo migliore Il modo migliore Se vivete nella regione del Sopraceneri, c&#8217;\u00e8 un modo molto semplice per aiutarci a sconfiggere questi piani nefasti. \u00c8 facile, a buon mercato ed efficace: un vero gioco da ragazzi! Appendere uno striscione di grandi [&hellip;]<\/p>\n","protected":false},"author":1,"featured_media":0,"parent":0,"menu_order":0,"comment_status":"closed","ping_status":"closed","template":"","meta":[],"_links":{"self":[{"href":"https:\/\/salvabre.ch\/index.php?rest_route=\/wp\/v2\/pages\/1047"}],"collection":[{"href":"https:\/\/salvabre.ch\/index.php?rest_route=\/wp\/v2\/pages"}],"about":[{"href":"https:\/\/salvabre.ch\/index.php?rest_route=\/wp\/v2\/types\/page"}],"author":[{"embeddable":true,"href":"https:\/\/salvabre.ch\/index.php?rest_route=\/wp\/v2\/users\/1"}],"replies":[{"embeddable":true,"href":"https:\/\/salvabre.ch\/index.php?rest_route=%2Fwp%2Fv2%2Fcomments&post=1047"}],"version-history":[{"count":22,"href":"https:\/\/salvabre.ch\/index.php?rest_route=\/wp\/v2\/pages\/1047\/revisions"}],"predecessor-version":[{"id":2408,"href":"https:\/\/salvabre.ch\/index.php?rest_route=\/wp\/v2\/pages\/1047\/revisions\/2408"}],"wp:attachment":[{"href":"https:\/\/salvabre.ch\/index.php?rest_route=%2Fwp%2Fv2%2Fmedia&parent=1047"}],"curies":[{"name":"wp","href":"https:\/\/api.w.org\/{rel}","templated":true}]}}