{"id":1014,"date":"2018-08-30T20:33:02","date_gmt":"2018-08-30T20:33:02","guid":{"rendered":"http:\/\/salvabre.ch\/?page_id=1014"},"modified":"2018-09-02T20:19:03","modified_gmt":"2018-09-02T20:19:03","slug":"argument-2","status":"publish","type":"page","link":"https:\/\/salvabre.ch\/?page_id=1014&lang=fr","title":{"rendered":"Arguments"},"content":{"rendered":"<h4>Notre argumentaire est divis\u00e9 en trois parties\u00a0:<\/h4>\n<ul>\n<li><a href=\"#ecologique\">Ecologique<\/a><\/li>\n<li><a href=\"#economique\">Economique<\/a><\/li>\n<li><a href=\"#moral\">Moral<\/a><\/li>\n<\/ul>\n<hr \/>\n<h3><a id=\"ecologique\"><\/a>ECOLOGIQUE<\/h3>\n<p>La quantit\u00e9 de trafic, de bruit et de d\u00e9ch\u00eats g\u00e9n\u00e9r\u00e9s par une op\u00e9ration h\u00f4teli\u00e8re 5-\u00e9toiles est parfaitement et absolument incompatible avec l\u2019environnement naturel dans lequel se trouve Monte Br\u00e8. Le genre d\u2019exc\u00e8s et de gaspillage que cela implique serait peut-\u00eatre appropri\u00e9 \u00e0 Saint-Tropez ou Saint-Barthelemy, mais certainement pas \u00e0 nos pentes alpines.<\/p>\n<p><strong>D\u2019abord, la construction<\/strong>\u00a0: d\u00e9truire des dizaines de maisons, et construire un mega-resort comprenant plus de 150 r\u00e9sidences, 20\u2019000 m\u00b2 d\u2019espace habitable dit \u00ab\u00a0luxueux\u00a0\u00bb, 3000 m\u00b2 de spa, une piscine int\u00e9rieure, 2 restaurants, des courts de tennis\u00a0: le tout sur du terrain \u00e0 peine accessible \u2013 voire pas accessible du tout \u2013 depuis la route. L\u2019absurdit\u00e9 d\u2019un tel projet devrait d\u00e9j\u00e0 sauter aux yeux. Cela signifie 45\u2019000 tonnes de mat\u00e9riel (en faisant l\u2019hypoth\u00e8se de 2 tonnes par m\u00b2), ce qui veut dire plus de 1\u2019800 camions de 25 tonnes, ou plus de 30\u2019000 allers-retours d\u2019helicopt\u00e8res de 1.5 tonnes. A tout ceux qui connaissent notre montagne, nous demandons\u00a0: comme cela peut-il m\u00eame \u00eatre s\u00e9rieusement envisag\u00e9\u00a0?<\/p>\n<p><strong>Ensuite, la route<\/strong>\u00a0: 150 appartements et chambres d\u2019h\u00f4tel, en imaginant un seul aller-retour par r\u00e9sidence et par jour, signifient 110\u2019000 transits additionels sur notre minuscule route de 5 km. Elle est tellement \u00e9troite que les voitures ne peuvent s\u2019y croiser sur la plus grande partie de sa longueur\u00a0! Nous -autres montagnards sommes devenus experts en marches-arri\u00e8re, en virage et en pente forte, pour laisser passer d\u2019occasionels automobilistes effray\u00e9s.<\/p>\n<p>Un tel accro\u00eessement du trafic est mat\u00e9riellement impossible. Les h\u00e9licopt\u00e8res de plaisance \u2013 ou transformer la route de montage en autoroute \u2013 sont \u00e9videmment de pires solutions.<\/p>\n<p><strong>Finalement, la montagne consciente elle-m\u00eame<\/strong>, ses populations sauvages d\u2019animaux, de champignons et d\u2019arbres souffriraient d\u2019une telle d\u00e9bauche d\u2019hyper-consum\u00e9risme en son flanc. Pour sa population d\u2019humains, la vie deviendrait insupportable\u00a0; le mega-resort occuperait la plus grande partie de son ecosyst\u00e8me, et ne cherchait qu\u2019\u00e0 grandir\u00a0; ils se trouveraient r\u00e9duits, comme leurs amis de la for\u00eat, au rang de vie indig\u00e8ne et ind\u00e9sirable.<\/p>\n<hr \/>\n<h3><a id=\"economique\"><\/a>ECONOMIQUE<\/h3>\n<p>Les \u00ab\u00a0malinvestissements\u00a0\u00bb, d\u00e9crits par la th\u00e9orie Autrichienne des cycles \u00e9conomiques, sont des investissements financiers mal-alou\u00e9s. Ils sont dus \u00e0 un co\u00fbt du cr\u00e9dit artificiellement bas, et un accroissement non-durable de la masse mon\u00e9taire. Les malinvestissements se produisent par la combinaison du syst\u00e8me de pr\u00eats par r\u00e9serves fractionnaires, et des taux d\u2019int\u00e9r\u00eats artificiellement bas. Ils g\u00e9n\u00e8rent des signaux de prix fallacieux, ce qui requiert \u00e0 terme une contraction corrective\u00a0: un boom, suivi par un crash.<\/p>\n<blockquote><p>La popularit\u00e9 de l\u2019inflation et de l\u2019expansion du cr\u00e9dit, la source ultime des tentatives r\u00e9p\u00e9t\u00e9es de rendre les gens prosp\u00e8res par l\u2019accroissement de la dette, et donc la cause des fluctuations financi\u00e8res cycliques, se manifeste bien dans la terminologie ordinaire. Le \u00ab\u00a0boom\u00a0\u00bb est appel\u00e9 croissance, prosp\u00e9rit\u00e9, ou essor. La cons\u00e9quence in\u00e9vitable, le r\u00e9ajustement aux conditions v\u00e9ridiques du march\u00e9, s\u2019appelle la crise, la r\u00e9cession, le d\u00e9clin, ou la d\u00e9pression. Les gens se rebellent contre l\u2019id\u00e9e que l\u2019\u00e9l\u00e9ment d\u00e9clencheur soit le malinvestissement et la sur-consommation de la p\u00e9riode faste, et qu\u2019un tel essor artificiel est toujours condamn\u00e9. Ils cherchent la pierre philosophale pour le faire durer. <strong>(Ludwig von Mises, 1940)<\/strong>.<\/p><\/blockquote>\n<p>Le \u00ab\u00a0boom immobilier\u00a0\u00bb que nous connaissons en Suisse depuis quelques d\u00e9cennies \u2013 mais \u00e0 plus forte raison depuis 2008 \u2013 est un exemple \u00e9l\u00e9mentaire de malinvestissement.<\/p>\n<p>Voyez par vous-m\u00eames\u00a0: c\u2019est \u00e9vident. Lorsque le co\u00fbt du cr\u00e9dit est proche de z\u00e9ro, le pouvoir d\u2019achat de chacun pour l\u2019immobilier est grandement multipli\u00e9. Les prix de l\u2019immobiliers sont ainsi forc\u00e9s d\u2019augmenter, car une quantit\u00e9 (exponentiellement) croissante d\u2019argent pourchasse un inventaire (relativement) constant. Cela signifie aussi une servitude toujours croissante au r\u00e8gne de la dette.<\/p>\n<p>Vous demandez-vous pourquoi les co\u00fbts universitaires aux USA ont tellement augment\u00e9 ces derni\u00e8res ann\u00e9es\u00a0? Ou pourquoi les voitures neuves sont vendues \u00e0 un tel surco\u00fbt, par rapport aux v\u00e9hicules d\u2019occasion \u00e0 peine utilis\u00e9s\u00a0? La r\u00e9ponse est simple, et toujours la m\u00eame\u00a0: le cr\u00e9dit artificiel bon-march\u00e9.<\/p>\n<p><strong>Le domaine o\u00f9 ce ph\u00e9nom\u00e8ne se manifeste le plus, et de la fa\u00e7on la plus \u00e9vidente, c\u2019est l\u2019immobilier.<\/strong><\/p>\n<p>Bien s\u00fbr, le l\u00e9gislateur est bien au courant de cela, et imagine toutes sortes de rustines pour limiter le flux de cr\u00e9dit\u00a0: limites \u00e0 l\u2019endettement, restrictions \u00e0 investir l\u2019\u00e9pargne retraite, etc. Les gens aussi en observent les sympt\u00f4mes, et votent en fonction\u00a0: Lex Koller, Lex Weber, etc. Pourtant, le tsunami de cr\u00e9dit trouve toujours des orifices par lesquels s\u2019\u00e9pandre, et les sp\u00e9culateurs ne manquent jamais d\u2019imagination pour allouer cette dette.<\/p>\n<p>Donc, la manipulaton des taux d\u2019int\u00e9r\u00eats provoque l\u2019explosition des prix de l\u2019immobilier\u00a0: comme corollaire naturel, cela provoque aussi des booms de construction. Les \u00ab\u00a0contrats de gestion h\u00f4teli\u00e8re\u00a0\u00bb et les \u00ab\u00a0resorts \u00e0 usages multiples\u00a0\u00bb, tels que ceux qui sont envisag\u00e9s \u00e0 Monte Br\u00e8, sont d\u2019excellents exemples des br\u00e8ches que l\u2019on trouve pour assouvir la soif de cr\u00e9dit. Ils n\u2019ont de sens que dans un contexte d\u2019accroissement du cr\u00e9dit\u00a0; ils se transforment en ruines lorsque cette croissance exponentielle de la dette s\u2019arr\u00eate in\u00e9vitablement.<\/p>\n<p><strong>Quand une telle entreprise de gaspillage et de destruction, qui n\u2019a strictement rien \u00e0 voir avec le libre march\u00e9 \u2013 et tout \u00e0 voir avec la planification \u00e9conomique centrale \u2013 implique la destruction d\u2019une montagne et sa communit\u00e9, elle doit \u00eatre arr\u00eat\u00e9e par volont\u00e9 unanime.<\/strong><\/p>\n<hr \/>\n<h3><a id=\"moral\"><\/a>MORAL<\/h3>\n<p>L\u2019auto-d\u00e9termination, un principe essentiel de la loi internationale, a pris par extension comme sens le libre-choix d\u2019agir sans suj\u00e9tion ext\u00e9rieure. Il s\u2019agit d\u2019une version moderne de la r\u00e8gle d\u2019or, dont l\u2019origine se perd dans les ages\u00a0: fais aux autres comme tu voudrais que l\u2019on te fasse. En d\u2019autres termes, il s\u2019agit de la libert\u00e9 d\u2019\u00eatre \u00e0 l\u2019abri du joug, de la coercition, de l\u2019initiation de la violence. C\u2019est ce qu\u2019on appelle aussi la libert\u00e9 individuelle. Il s\u2019agit du plus petit d\u00e9nominateur moral commun que la civilisation ait imagin\u00e9\u00a0; il repr\u00e9sente notre meilleure compr\u00e9hension de la loi naturelle, telle que nous tentons de l\u2019exprimer \u00e0 notre \u00e9chelle. Ce principe est fondateur \u2013 et gouverne toujours \u2013 notre pays et notre canton.<\/p>\n<p>Etant donn\u00e9 ce qui pr\u00e9c\u00e8de, comment une communaut\u00e9 isol\u00e9e de montagne doit-elle r\u00e9agir lorsqu\u2019est d\u00e9couvert un projet secret consistant pour des \u00e9trangers \u00e0 accaparer et d\u00e9truire ses maisons, remplacer ses habitants, et saccager son paradis par une d\u00e9cadente d\u00e9bauche de gaspillage et de b\u00e9ton\u00a0?<\/p>\n<p>Elle a l\u2019obligaton morale, non seulement vis-\u00e0-vis d\u2019elle m\u00eame et de ses enfants, mais vis-\u00e0-vis de toutes les formes de vie pr\u00e9sentes et futures de la montagne, de l\u2019arr\u00eater par toules moyens pacifiques possibles.<\/p>\n","protected":false},"excerpt":{"rendered":"<p>Notre argumentaire est divis\u00e9 en trois parties\u00a0: Ecologique Economique Moral ECOLOGIQUE La quantit\u00e9 de trafic, de bruit et de d\u00e9ch\u00eats g\u00e9n\u00e9r\u00e9s par une op\u00e9ration h\u00f4teli\u00e8re 5-\u00e9toiles est parfaitement et absolument incompatible avec l\u2019environnement naturel dans lequel se trouve Monte Br\u00e8. Le genre d\u2019exc\u00e8s et de gaspillage que cela implique serait peut-\u00eatre appropri\u00e9 \u00e0 Saint-Tropez ou [&hellip;]<\/p>\n","protected":false},"author":1,"featured_media":0,"parent":0,"menu_order":0,"comment_status":"closed","ping_status":"closed","template":"","meta":[],"_links":{"self":[{"href":"https:\/\/salvabre.ch\/index.php?rest_route=\/wp\/v2\/pages\/1014"}],"collection":[{"href":"https:\/\/salvabre.ch\/index.php?rest_route=\/wp\/v2\/pages"}],"about":[{"href":"https:\/\/salvabre.ch\/index.php?rest_route=\/wp\/v2\/types\/page"}],"author":[{"embeddable":true,"href":"https:\/\/salvabre.ch\/index.php?rest_route=\/wp\/v2\/users\/1"}],"replies":[{"embeddable":true,"href":"https:\/\/salvabre.ch\/index.php?rest_route=%2Fwp%2Fv2%2Fcomments&post=1014"}],"version-history":[{"count":8,"href":"https:\/\/salvabre.ch\/index.php?rest_route=\/wp\/v2\/pages\/1014\/revisions"}],"predecessor-version":[{"id":1202,"href":"https:\/\/salvabre.ch\/index.php?rest_route=\/wp\/v2\/pages\/1014\/revisions\/1202"}],"wp:attachment":[{"href":"https:\/\/salvabre.ch\/index.php?rest_route=%2Fwp%2Fv2%2Fmedia&parent=1014"}],"curies":[{"name":"wp","href":"https:\/\/api.w.org\/{rel}","templated":true}]}}