{"id":1012,"date":"2018-08-30T20:27:59","date_gmt":"2018-08-30T20:27:59","guid":{"rendered":"http:\/\/salvabre.ch\/?page_id=1012"},"modified":"2021-01-14T17:18:21","modified_gmt":"2021-01-14T16:18:21","slug":"que-puis-je-faire","status":"publish","type":"page","link":"https:\/\/salvabre.ch\/?page_id=1012&lang=fr","title":{"rendered":"Que puis-je faire?"},"content":{"rendered":"<h4>Il existe deux fa\u00e7ons principales de nous aider\u00a0:<\/h4>\n<ul>\n<li><a href=\"#meilleure\">La meilleure fa\u00e7on<\/a> (si vous vivez dans la r\u00e9gion)<\/li>\n<li>La <a href=\"#deuxieme\">deuxi\u00e8me meilleure<\/a> fa\u00e7on<\/li>\n<\/ul>\n<hr \/>\n<h3><a id=\"meilleure\"><\/a>La meilleure fa\u00e7on<\/h3>\n<p>Si vous vivez dans la r\u00e9gion du Sopraceneri, il existe un moyen tr\u00e8s simple de contrer ce projet malveillant. C\u2019est tellement \u00e9vident, bon-march\u00e9, et efficace, qu\u2019on a failli ne pas y penser\u00a0!<\/p>\n<h4>Accrochez une grande banderole \u00e0 l\u2019ext\u00e9rieur de votre propri\u00e9t\u00e9.<\/h4>\n<p>Imaginez. Qui prendrait un tel risque sp\u00e9culatif si, \u00e0 chaque visite du site et de la r\u00e9gion, on ne peut manquer la <i>vox populi\u00a0<\/i>? Ils seront forc\u00e9s de renoncer. Puisque nous les avons attrap\u00e9s assez t\u00f4t dans leur machination, cette simple initiative sera plus forte que n\u2019importe quelle loi ou r\u00e9f\u00e9rendum (qui ne sont pas exclus d\u2019ailleurs).<\/p>\n<p>En effet, tout \u00ab\u00a0investisseur\u00a0\u00bb potentiel voudrait assur\u00e9ment voir la r\u00e9gion, et visiter le site avant d\u2019ouvrir son porte-monnaie. Nous devons nous assurer qu\u2019ils soient correctement accueillis quand ils viennent.<\/p>\n<hr \/>\n<p><em><img loading=\"lazy\" class=\"aligncenter wp-image-1583\" src=\"http:\/\/salvabre.ch\/wp-content\/uploads\/2018\/09\/hotel_website_smaller2.png\" alt=\"\" width=\"500\" height=\"375\" srcset=\"https:\/\/salvabre.ch\/wp-content\/uploads\/2018\/09\/hotel_website_smaller2.png 900w, https:\/\/salvabre.ch\/wp-content\/uploads\/2018\/09\/hotel_website_smaller2-300x225.png 300w, https:\/\/salvabre.ch\/wp-content\/uploads\/2018\/09\/hotel_website_smaller2-768x576.png 768w, https:\/\/salvabre.ch\/wp-content\/uploads\/2018\/09\/hotel_website_smaller2-600x450.png 600w\" sizes=\"(max-width: 500px) 100vw, 500px\" \/><\/em><\/p>\n<hr \/>\n<p>Nous avons produit ce <a href=\"http:\/\/salvabre.ch\/copyleft\/logo.pdf\">logo<\/a>, cette <a href=\"http:\/\/salvabre.ch\/copyleft\/striscione.pdf\">banderole<\/a>, et ce <a href=\"http:\/\/salvabre.ch\/copyleft\/bandiera.pdf\">drapeau<\/a>. Ce contenu haute-d\u00e9finition, comme tout le reste sur ce site, sont <i>copyleft. <\/i>Vous \u00eates libres d\u2019en faire ce que vous voulez.<\/p>\n<p>Voici ce que nous demandons \u00e0 nos amis de faire\u00a0: procurez-vous une banderole aussi grande que vous le pouvez, soit en l\u2019imprimant vous-m\u00eames soit en la commandant dans notre magasin en-ligne. Accrochez-la \u00e0 l\u2019endroit le plus visible \u00e0 l\u2019ext\u00e9rieur de chez vous. Laissez-la \u00e0 sa place jusqu\u2019\u00e0 ce que les sp\u00e9culateurs aient publiquement renonc\u00e9 \u00e0 leurs plans. Si vous avez acc\u00e8s \u00e0 l\u2019\u00e9quipement ad\u00e9quat, vous \u00eates libres d\u2019en imprimer autant que vous voulez, \u00e0 la taille que vous voulez, et les utiliser \/ les vendre comme vous l\u2019entendez.<\/p>\n<p>Des endroits id\u00e9aux pour ces banderoles sont hautement visibles depuis la route, en particulier sur le chemin menant \u00e0 Monte Br\u00e8\u00a0: Solduno et Locarno-Monti \u00e0 l\u2019ouest, Minusion et Orselina \u00e0 l\u2019est. N\u2019importe quel balcon, quelque-soit sa taille, dans les centre-villes de Locarno, Tenero, Muralto, Losone ou Ascona serait aussi pr\u00e9cieux. Et bien s\u00fbr la plaine du Magadino \u2013 la route menant \u00e0 notre paradis r\u00e9gional \u2013 constituerait \u00e9galement un excellent obstacle \u00e0 la sauvagerie.<\/p>\n<p>Si vous \u00eates propri\u00e9taires du bon endroit, vous pourriez \u00e0 vous-seuls arr\u00eater la folie sp\u00e9culative. Imaginez d\u2019\u00eatre accueillis en ville par une pancarte de 5m x 12m\u00a0: <strong>SALVA MONTE BR\u00c8<\/strong>. Une telle ostentation serait fantastique, mais ce n\u2019est m\u00eame pas requis. La r\u00e9gion sera rapidement recouverte, et vous pouvez nous aider \u00e0 le r\u00e9aliser.<\/p>\n<hr \/>\n<h3><a id=\"deuxieme\"><\/a>La deuxi\u00e8me meilleure fa\u00e7on<\/h3>\n<p>Si vous ne pouvez pas accrocher de banderole, et si vous voulez tout de m\u00eame nous aider, s\u2019il-vous-pla\u00eet, soutenez-nous financi\u00e8rement. Il n\u2019existe pas de petite contribution\u00a0; tout soutien est plus que bienvenu.<\/p>\n<p>Notre travail de relation publiques ne fait que commencer. Dans un premier temps, nous nous efforcerons de recouvrir la r\u00e9gion d\u2019un message dissuasif simple\u00a0: <strong>SALVA MONTE BR\u00c8<\/strong>.<\/p>\n<p>L\u00e0 o\u00f9 nous ne pourrons pas obtenir d\u2019affichage volontaire, nous pr\u00e9voyons de louer de l\u2019espace pubicitaire\u00a0: balcons, immeubles, bus, fa\u00e7ades, camions, grues, etc. Les aspirants \u00ab\u00a0investisseurs\u00a0\u00bb devront assur\u00e9ment visiter le site\u00a0: nous nous assurerons qu\u2019ils soient bien accueillis quand c\u2019est le cas.<\/p>\n<p>Nous avons d\u2019autres cartes dans notre manche, pour lesquelles nous maintenons l\u2019effet de surprise. Nos tactiques de guerrilla (-marketing) ne requi\u00e8rement pas des tonnes d\u2019argent, mais co\u00fbtent quand m\u00eames quelques ressources\u00a0: principalement pour des cr\u00e9ateurs de contenu, impressions et co\u00fbts RP\/media, et initiatives politiques.<\/p>\n<p>Pour plus d&#8217;informations, <a href=\"https:\/\/salvabre.ch\/?p=2396&amp;lang=fr\" target=\"_blank\" rel=\"noopener\">veuillez consulter cette page<\/a>.<\/p>\n","protected":false},"excerpt":{"rendered":"<p>Il existe deux fa\u00e7ons principales de nous aider\u00a0: La meilleure fa\u00e7on (si vous vivez dans la r\u00e9gion) La deuxi\u00e8me meilleure fa\u00e7on La meilleure fa\u00e7on Si vous vivez dans la r\u00e9gion du Sopraceneri, il existe un moyen tr\u00e8s simple de contrer ce projet malveillant. C\u2019est tellement \u00e9vident, bon-march\u00e9, et efficace, qu\u2019on a failli ne pas y [&hellip;]<\/p>\n","protected":false},"author":1,"featured_media":0,"parent":0,"menu_order":0,"comment_status":"closed","ping_status":"closed","template":"","meta":[],"_links":{"self":[{"href":"https:\/\/salvabre.ch\/index.php?rest_route=\/wp\/v2\/pages\/1012"}],"collection":[{"href":"https:\/\/salvabre.ch\/index.php?rest_route=\/wp\/v2\/pages"}],"about":[{"href":"https:\/\/salvabre.ch\/index.php?rest_route=\/wp\/v2\/types\/page"}],"author":[{"embeddable":true,"href":"https:\/\/salvabre.ch\/index.php?rest_route=\/wp\/v2\/users\/1"}],"replies":[{"embeddable":true,"href":"https:\/\/salvabre.ch\/index.php?rest_route=%2Fwp%2Fv2%2Fcomments&post=1012"}],"version-history":[{"count":13,"href":"https:\/\/salvabre.ch\/index.php?rest_route=\/wp\/v2\/pages\/1012\/revisions"}],"predecessor-version":[{"id":2406,"href":"https:\/\/salvabre.ch\/index.php?rest_route=\/wp\/v2\/pages\/1012\/revisions\/2406"}],"wp:attachment":[{"href":"https:\/\/salvabre.ch\/index.php?rest_route=%2Fwp%2Fv2%2Fmedia&parent=1012"}],"curies":[{"name":"wp","href":"https:\/\/api.w.org\/{rel}","templated":true}]}}