{"id":1010,"date":"2018-08-30T20:22:48","date_gmt":"2018-08-30T20:22:48","guid":{"rendered":"http:\/\/salvabre.ch\/?page_id=1010"},"modified":"2020-08-26T17:58:48","modified_gmt":"2020-08-26T15:58:48","slug":"destruction-2","status":"publish","type":"page","link":"https:\/\/salvabre.ch\/?page_id=1010&lang=fr","title":{"rendered":"Destruction"},"content":{"rendered":"<h3>De courageux journalistes ont publi\u00e9 les projets destructeurs des sp\u00e9culateurs. Ils ont mis la main sur deux documents, et les ont plac\u00e9s en-ligne pour consultation publique.<\/h3>\n<p>Voici les liens de t\u00e9l\u00e9chargement. Ces documents parlent d\u2019eux-m\u00eames.<\/p>\n<ul>\n<li><a href=\"https:\/\/drive.google.com\/file\/d\/19wOogG7_ADsygb2NDFJEcmp6MXPW4yAc\/view?usp=sharing\" target=\"_blank\" rel=\"noopener\">T\u00e9l\u00e9charger le \u00ab\u00a0investment teaser\u00a0\u00bb<\/a> (pr\u00e9sentation g\u00e9n\u00e9rale du plan).<\/li>\n<li><a href=\"https:\/\/drive.google.com\/file\/d\/1bD1z14OKBtqPH0-iKfiUByRjZHmNc3ut\/view?usp=sharing\" target=\"_blank\" rel=\"noopener\">T\u00e9l\u00e9charger le \u00ab\u00a0equity prospectus\u00a0\u00bb<\/a> (plan en d\u00e9tails).<\/li>\n<\/ul>\n<p>Cette page comporte trois paragraphes :<\/p>\n<ul>\n<li><a href=\"#projet\">Le projet pharaonique en un clin d\u2019oeil<\/a><\/li>\n<li><a href=\"#preuves\">Les preuves<\/a><\/li>\n<li><a href=\"#autrementdit\">Autrement dit<\/a><\/li>\n<\/ul>\n<hr \/>\n<h3><a id=\"projet\"><\/a>Le projet pharaonique en un clin d\u2019oeil<\/h3>\n<h5>Les sp\u00e9culateurs ont d\u00e9j\u00e0 acquis de gros morceaux de la montagne \u00e0 Monte Br\u00e8 et Cardada\u00a0: 30\u2019000 m\u00e8tres carr\u00e9s de terrain constructible au total, dispers\u00e9 sur une vaste \u00e9tendue.<\/h5>\n<h5>Leur id\u00e9e est de raser toutes les maisons achet\u00e9es, et de construire des immeubles de 3 ou 4 \u00e9tages \u00e0 la place, soit un total de 150 chambres\/appartements \u00ab\u00a0luxueux\u00a0\u00bb. Ils pr\u00e9voient de vendre leurs r\u00e9sidences modernes \u00e0 des HNWIs (multimillionaires) \u00e9trangers, \u00e0 plus de CHF 22\u2019000.- le m\u00e8tre carr\u00e9.<\/h5>\n<h5>Cette infrastructure 5-\u00e9toiles incluerait aussi quelque 70 places de parking, 3000 m\u00e8tres carr\u00e9s de spa, 2 restaurants, des courts de tennis et une piscine int\u00e9rieure (le tout sur du terrain inaccessible depuis la route).<\/h5>\n<h5>Les sp\u00e9culateurs expliquent comment, gr\u00e2ce aux \u00ab\u00a0contrats de gestion hoteli\u00e8re\u00a0\u00bb, ils sont capables de contourner les Lex Koller et Lex Weber.<\/h5>\n<h5>Les r\u00e9sidences qu\u2019ils pr\u00e9voient de construire seront co-financ\u00e9es par certaines multinationales, et seront ainsi \u00ab de marque\u00a0\u00bb (branded), pour devenir des affichages publicitaires prenant la forme d\u2019immobilier.<\/h5>\n<h5>Ces nouvelles r\u00e9sidences pseudo-luxurieuses, ils les d\u00e9crivent comme des \u00ab\u00a0actifs troph\u00e9es\u00a0\u00bb &#8211; c\u2019est-\u00e0-dire des biens que l\u2019on ach\u00e8te non par amour de la r\u00e9gion et ses paysages, mais comme un bibelot futile pour gens vaniteux.<\/h5>\n<h5>Les multimillionaires \u00e9trangers (propri\u00e9taires immobiliers et clients de l\u2019h\u00f4tel) seraient transport\u00e9s vers et depuis le site en h\u00e9licopt\u00e8re.<\/h5>\n<h5>La construction serait \u00ab\u00a0hautement visible depuis le lac\u00a0\u00bb et offrirait \u00ab\u00a0un sentiment de majest\u00e9 aux visiteurs\u00a0\u00bb. En d\u2019autres termes, il s\u2019agirait d\u2019une caricature de m\u00e9galomanie et de mauvais go\u00fbt.<\/h5>\n<h3><a id=\"preuves\"><\/a>Preuves<\/h3>\n<p>Cliquez sur les images pour mieux visionner les preuves.<\/p>\n<div id='gallery-1' class='gallery galleryid-1010 gallery-columns-1 gallery-size-large'><figure class='gallery-item'>\n\t\t\t<div class='gallery-icon landscape'>\n\t\t\t\t<a href='https:\/\/salvabre.ch\/wp-content\/uploads\/2018\/08\/teaser-p-5.png'><img width=\"640\" height=\"360\" src=\"https:\/\/salvabre.ch\/wp-content\/uploads\/2018\/08\/teaser-p-5-1024x576.png\" class=\"attachment-large size-large\" alt=\"\" loading=\"lazy\" aria-describedby=\"gallery-1-920\" srcset=\"https:\/\/salvabre.ch\/wp-content\/uploads\/2018\/08\/teaser-p-5-1024x576.png 1024w, https:\/\/salvabre.ch\/wp-content\/uploads\/2018\/08\/teaser-p-5-300x169.png 300w, https:\/\/salvabre.ch\/wp-content\/uploads\/2018\/08\/teaser-p-5-768x432.png 768w, https:\/\/salvabre.ch\/wp-content\/uploads\/2018\/08\/teaser-p-5-600x338.png 600w, https:\/\/salvabre.ch\/wp-content\/uploads\/2018\/08\/teaser-p-5.png 1333w\" sizes=\"(max-width: 640px) 100vw, 640px\" \/><\/a>\n\t\t\t<\/div>\n\t\t\t\t<figcaption class='wp-caption-text gallery-caption' id='gallery-1-920'>\n\t\t\t\t&#8220;Investment teaser&#8221; (p.5)\n\t\t\t\t<\/figcaption><\/figure><figure class='gallery-item'>\n\t\t\t<div class='gallery-icon landscape'>\n\t\t\t\t<a href='https:\/\/salvabre.ch\/wp-content\/uploads\/2018\/08\/teaser-p-3.png'><img width=\"640\" height=\"360\" src=\"https:\/\/salvabre.ch\/wp-content\/uploads\/2018\/08\/teaser-p-3-1024x576.png\" class=\"attachment-large size-large\" alt=\"\" loading=\"lazy\" aria-describedby=\"gallery-1-929\" srcset=\"https:\/\/salvabre.ch\/wp-content\/uploads\/2018\/08\/teaser-p-3-1024x576.png 1024w, https:\/\/salvabre.ch\/wp-content\/uploads\/2018\/08\/teaser-p-3-300x169.png 300w, https:\/\/salvabre.ch\/wp-content\/uploads\/2018\/08\/teaser-p-3-768x432.png 768w, https:\/\/salvabre.ch\/wp-content\/uploads\/2018\/08\/teaser-p-3-600x338.png 600w, https:\/\/salvabre.ch\/wp-content\/uploads\/2018\/08\/teaser-p-3.png 1333w\" sizes=\"(max-width: 640px) 100vw, 640px\" \/><\/a>\n\t\t\t<\/div>\n\t\t\t\t<figcaption class='wp-caption-text gallery-caption' id='gallery-1-929'>\n\t\t\t\t&#8220;Investment teaser&#8221; (p.3)\n\t\t\t\t<\/figcaption><\/figure><figure class='gallery-item'>\n\t\t\t<div class='gallery-icon landscape'>\n\t\t\t\t<a href='https:\/\/salvabre.ch\/wp-content\/uploads\/2018\/08\/teaser-p-8-excess.png'><img width=\"640\" height=\"360\" src=\"https:\/\/salvabre.ch\/wp-content\/uploads\/2018\/08\/teaser-p-8-excess-1024x576.png\" class=\"attachment-large size-large\" alt=\"\" loading=\"lazy\" aria-describedby=\"gallery-1-963\" srcset=\"https:\/\/salvabre.ch\/wp-content\/uploads\/2018\/08\/teaser-p-8-excess-1024x576.png 1024w, https:\/\/salvabre.ch\/wp-content\/uploads\/2018\/08\/teaser-p-8-excess-300x169.png 300w, https:\/\/salvabre.ch\/wp-content\/uploads\/2018\/08\/teaser-p-8-excess-768x432.png 768w, https:\/\/salvabre.ch\/wp-content\/uploads\/2018\/08\/teaser-p-8-excess-600x338.png 600w, https:\/\/salvabre.ch\/wp-content\/uploads\/2018\/08\/teaser-p-8-excess.png 1200w\" sizes=\"(max-width: 640px) 100vw, 640px\" \/><\/a>\n\t\t\t<\/div>\n\t\t\t\t<figcaption class='wp-caption-text gallery-caption' id='gallery-1-963'>\n\t\t\t\t&#8220;Investment teaser&#8221; (p.8)\n\t\t\t\t<\/figcaption><\/figure><figure class='gallery-item'>\n\t\t\t<div class='gallery-icon landscape'>\n\t\t\t\t<a href='https:\/\/salvabre.ch\/wp-content\/uploads\/2018\/08\/prospectus-p-11-nb-residences.png'><img width=\"640\" height=\"138\" src=\"https:\/\/salvabre.ch\/wp-content\/uploads\/2018\/08\/prospectus-p-11-nb-residences.png\" class=\"attachment-large size-large\" alt=\"\" loading=\"lazy\" aria-describedby=\"gallery-1-934\" srcset=\"https:\/\/salvabre.ch\/wp-content\/uploads\/2018\/08\/prospectus-p-11-nb-residences.png 777w, https:\/\/salvabre.ch\/wp-content\/uploads\/2018\/08\/prospectus-p-11-nb-residences-300x64.png 300w, https:\/\/salvabre.ch\/wp-content\/uploads\/2018\/08\/prospectus-p-11-nb-residences-768x165.png 768w, https:\/\/salvabre.ch\/wp-content\/uploads\/2018\/08\/prospectus-p-11-nb-residences-600x129.png 600w\" sizes=\"(max-width: 640px) 100vw, 640px\" \/><\/a>\n\t\t\t<\/div>\n\t\t\t\t<figcaption class='wp-caption-text gallery-caption' id='gallery-1-934'>\n\t\t\t\t&#8220;Equity prospectus&#8221; (p.11)\n\t\t\t\t<\/figcaption><\/figure><figure class='gallery-item'>\n\t\t\t<div class='gallery-icon landscape'>\n\t\t\t\t<a href='https:\/\/salvabre.ch\/wp-content\/uploads\/2018\/08\/prospectus-p-8-repartition.png'><img width=\"640\" height=\"203\" src=\"https:\/\/salvabre.ch\/wp-content\/uploads\/2018\/08\/prospectus-p-8-repartition-1024x325.png\" class=\"attachment-large size-large\" alt=\"\" loading=\"lazy\" aria-describedby=\"gallery-1-967\" srcset=\"https:\/\/salvabre.ch\/wp-content\/uploads\/2018\/08\/prospectus-p-8-repartition-1024x325.png 1024w, https:\/\/salvabre.ch\/wp-content\/uploads\/2018\/08\/prospectus-p-8-repartition-300x95.png 300w, https:\/\/salvabre.ch\/wp-content\/uploads\/2018\/08\/prospectus-p-8-repartition-768x244.png 768w, https:\/\/salvabre.ch\/wp-content\/uploads\/2018\/08\/prospectus-p-8-repartition-600x191.png 600w, https:\/\/salvabre.ch\/wp-content\/uploads\/2018\/08\/prospectus-p-8-repartition.png 1869w\" sizes=\"(max-width: 640px) 100vw, 640px\" \/><\/a>\n\t\t\t<\/div>\n\t\t\t\t<figcaption class='wp-caption-text gallery-caption' id='gallery-1-967'>\n\t\t\t\t&#8220;Equity prospectus&#8221; (p.8)\n\t\t\t\t<\/figcaption><\/figure><figure class='gallery-item'>\n\t\t\t<div class='gallery-icon landscape'>\n\t\t\t\t<a href='https:\/\/salvabre.ch\/wp-content\/uploads\/2018\/08\/teaser-p-9-3000-m2-spa.png'><img width=\"640\" height=\"360\" src=\"https:\/\/salvabre.ch\/wp-content\/uploads\/2018\/08\/teaser-p-9-3000-m2-spa-1024x576.png\" class=\"attachment-large size-large\" alt=\"\" loading=\"lazy\" aria-describedby=\"gallery-1-935\" srcset=\"https:\/\/salvabre.ch\/wp-content\/uploads\/2018\/08\/teaser-p-9-3000-m2-spa-1024x576.png 1024w, https:\/\/salvabre.ch\/wp-content\/uploads\/2018\/08\/teaser-p-9-3000-m2-spa-300x169.png 300w, https:\/\/salvabre.ch\/wp-content\/uploads\/2018\/08\/teaser-p-9-3000-m2-spa-768x432.png 768w, https:\/\/salvabre.ch\/wp-content\/uploads\/2018\/08\/teaser-p-9-3000-m2-spa-600x338.png 600w, https:\/\/salvabre.ch\/wp-content\/uploads\/2018\/08\/teaser-p-9-3000-m2-spa.png 1333w\" sizes=\"(max-width: 640px) 100vw, 640px\" \/><\/a>\n\t\t\t<\/div>\n\t\t\t\t<figcaption class='wp-caption-text gallery-caption' id='gallery-1-935'>\n\t\t\t\t&#8220;Investment teaser&#8221; (p.9)\n\t\t\t\t<\/figcaption><\/figure><figure class='gallery-item'>\n\t\t\t<div class='gallery-icon landscape'>\n\t\t\t\t<a href='https:\/\/salvabre.ch\/wp-content\/uploads\/2018\/08\/prospectus-p-8-surfaces.png'><img width=\"640\" height=\"390\" src=\"https:\/\/salvabre.ch\/wp-content\/uploads\/2018\/08\/prospectus-p-8-surfaces.png\" class=\"attachment-large size-large\" alt=\"\" loading=\"lazy\" aria-describedby=\"gallery-1-940\" srcset=\"https:\/\/salvabre.ch\/wp-content\/uploads\/2018\/08\/prospectus-p-8-surfaces.png 722w, https:\/\/salvabre.ch\/wp-content\/uploads\/2018\/08\/prospectus-p-8-surfaces-300x183.png 300w, https:\/\/salvabre.ch\/wp-content\/uploads\/2018\/08\/prospectus-p-8-surfaces-600x366.png 600w\" sizes=\"(max-width: 640px) 100vw, 640px\" \/><\/a>\n\t\t\t<\/div>\n\t\t\t\t<figcaption class='wp-caption-text gallery-caption' id='gallery-1-940'>\n\t\t\t\t&#8220;Equity prospectus&#8221; (p.9)\n\t\t\t\t<\/figcaption><\/figure><figure class='gallery-item'>\n\t\t\t<div class='gallery-icon landscape'>\n\t\t\t\t<a href='https:\/\/salvabre.ch\/wp-content\/uploads\/2018\/08\/prospectus-p-7-lexkoller.png'><img width=\"640\" height=\"265\" src=\"https:\/\/salvabre.ch\/wp-content\/uploads\/2018\/08\/prospectus-p-7-lexkoller.png\" class=\"attachment-large size-large\" alt=\"\" loading=\"lazy\" aria-describedby=\"gallery-1-943\" srcset=\"https:\/\/salvabre.ch\/wp-content\/uploads\/2018\/08\/prospectus-p-7-lexkoller.png 785w, https:\/\/salvabre.ch\/wp-content\/uploads\/2018\/08\/prospectus-p-7-lexkoller-300x124.png 300w, https:\/\/salvabre.ch\/wp-content\/uploads\/2018\/08\/prospectus-p-7-lexkoller-768x318.png 768w, https:\/\/salvabre.ch\/wp-content\/uploads\/2018\/08\/prospectus-p-7-lexkoller-600x248.png 600w\" sizes=\"(max-width: 640px) 100vw, 640px\" \/><\/a>\n\t\t\t<\/div>\n\t\t\t\t<figcaption class='wp-caption-text gallery-caption' id='gallery-1-943'>\n\t\t\t\t&#8220;Equity prospectus&#8221; (p.7)\n\t\t\t\t<\/figcaption><\/figure><figure class='gallery-item'>\n\t\t\t<div class='gallery-icon landscape'>\n\t\t\t\t<a href='https:\/\/salvabre.ch\/wp-content\/uploads\/2018\/08\/prospectus-p-7-imposingfromthelake.png'><img width=\"640\" height=\"229\" src=\"https:\/\/salvabre.ch\/wp-content\/uploads\/2018\/08\/prospectus-p-7-imposingfromthelake.png\" class=\"attachment-large size-large\" alt=\"\" loading=\"lazy\" aria-describedby=\"gallery-1-944\" srcset=\"https:\/\/salvabre.ch\/wp-content\/uploads\/2018\/08\/prospectus-p-7-imposingfromthelake.png 724w, https:\/\/salvabre.ch\/wp-content\/uploads\/2018\/08\/prospectus-p-7-imposingfromthelake-300x107.png 300w, https:\/\/salvabre.ch\/wp-content\/uploads\/2018\/08\/prospectus-p-7-imposingfromthelake-600x215.png 600w\" sizes=\"(max-width: 640px) 100vw, 640px\" \/><\/a>\n\t\t\t<\/div>\n\t\t\t\t<figcaption class='wp-caption-text gallery-caption' id='gallery-1-944'>\n\t\t\t\t&#8220;Equity prospectus&#8221; (p.7)\n\t\t\t\t<\/figcaption><\/figure><figure class='gallery-item'>\n\t\t\t<div class='gallery-icon landscape'>\n\t\t\t\t<a href='https:\/\/salvabre.ch\/wp-content\/uploads\/2018\/08\/prospectus-p-8-helicopter.png'><img width=\"640\" height=\"178\" src=\"https:\/\/salvabre.ch\/wp-content\/uploads\/2018\/08\/prospectus-p-8-helicopter.png\" class=\"attachment-large size-large\" alt=\"\" loading=\"lazy\" aria-describedby=\"gallery-1-946\" srcset=\"https:\/\/salvabre.ch\/wp-content\/uploads\/2018\/08\/prospectus-p-8-helicopter.png 721w, https:\/\/salvabre.ch\/wp-content\/uploads\/2018\/08\/prospectus-p-8-helicopter-300x84.png 300w, https:\/\/salvabre.ch\/wp-content\/uploads\/2018\/08\/prospectus-p-8-helicopter-600x167.png 600w\" sizes=\"(max-width: 640px) 100vw, 640px\" \/><\/a>\n\t\t\t<\/div>\n\t\t\t\t<figcaption class='wp-caption-text gallery-caption' id='gallery-1-946'>\n\t\t\t\t&#8220;Equity prospectus&#8221; (p.8)\n\t\t\t\t<\/figcaption><\/figure><figure class='gallery-item'>\n\t\t\t<div class='gallery-icon landscape'>\n\t\t\t\t<a href='https:\/\/salvabre.ch\/wp-content\/uploads\/2018\/08\/prospectus-p-13-debt.png'><img width=\"640\" height=\"252\" src=\"https:\/\/salvabre.ch\/wp-content\/uploads\/2018\/08\/prospectus-p-13-debt.png\" class=\"attachment-large size-large\" alt=\"\" loading=\"lazy\" aria-describedby=\"gallery-1-948\" srcset=\"https:\/\/salvabre.ch\/wp-content\/uploads\/2018\/08\/prospectus-p-13-debt.png 730w, https:\/\/salvabre.ch\/wp-content\/uploads\/2018\/08\/prospectus-p-13-debt-300x118.png 300w, https:\/\/salvabre.ch\/wp-content\/uploads\/2018\/08\/prospectus-p-13-debt-600x237.png 600w\" sizes=\"(max-width: 640px) 100vw, 640px\" \/><\/a>\n\t\t\t<\/div>\n\t\t\t\t<figcaption class='wp-caption-text gallery-caption' id='gallery-1-948'>\n\t\t\t\t&#8220;Equity prospectus&#8221; (p.13)\n\t\t\t\t<\/figcaption><\/figure><figure class='gallery-item'>\n\t\t\t<div class='gallery-icon landscape'>\n\t\t\t\t<a href='https:\/\/salvabre.ch\/wp-content\/uploads\/2018\/08\/prospectus-p-13-debt-table.png'><img width=\"640\" height=\"144\" src=\"https:\/\/salvabre.ch\/wp-content\/uploads\/2018\/08\/prospectus-p-13-debt-table-1024x231.png\" class=\"attachment-large size-large\" alt=\"\" loading=\"lazy\" aria-describedby=\"gallery-1-953\" srcset=\"https:\/\/salvabre.ch\/wp-content\/uploads\/2018\/08\/prospectus-p-13-debt-table-1024x231.png 1024w, https:\/\/salvabre.ch\/wp-content\/uploads\/2018\/08\/prospectus-p-13-debt-table-300x68.png 300w, https:\/\/salvabre.ch\/wp-content\/uploads\/2018\/08\/prospectus-p-13-debt-table-768x173.png 768w, https:\/\/salvabre.ch\/wp-content\/uploads\/2018\/08\/prospectus-p-13-debt-table-600x136.png 600w, https:\/\/salvabre.ch\/wp-content\/uploads\/2018\/08\/prospectus-p-13-debt-table.png 1824w\" sizes=\"(max-width: 640px) 100vw, 640px\" \/><\/a>\n\t\t\t<\/div>\n\t\t\t\t<figcaption class='wp-caption-text gallery-caption' id='gallery-1-953'>\n\t\t\t\t&#8220;Equity prospectus&#8221; (p.13)\n\t\t\t\t<\/figcaption><\/figure><figure class='gallery-item'>\n\t\t\t<div class='gallery-icon landscape'>\n\t\t\t\t<a href='https:\/\/salvabre.ch\/wp-content\/uploads\/2018\/08\/prospectus-p-11-tenniscourts.png'><img width=\"640\" height=\"32\" src=\"https:\/\/salvabre.ch\/wp-content\/uploads\/2018\/08\/prospectus-p-11-tenniscourts-1024x51.png\" class=\"attachment-large size-large\" alt=\"\" loading=\"lazy\" aria-describedby=\"gallery-1-951\" srcset=\"https:\/\/salvabre.ch\/wp-content\/uploads\/2018\/08\/prospectus-p-11-tenniscourts-1024x51.png 1024w, https:\/\/salvabre.ch\/wp-content\/uploads\/2018\/08\/prospectus-p-11-tenniscourts-300x15.png 300w, https:\/\/salvabre.ch\/wp-content\/uploads\/2018\/08\/prospectus-p-11-tenniscourts-768x39.png 768w, https:\/\/salvabre.ch\/wp-content\/uploads\/2018\/08\/prospectus-p-11-tenniscourts-600x30.png 600w, https:\/\/salvabre.ch\/wp-content\/uploads\/2018\/08\/prospectus-p-11-tenniscourts.png 1969w\" sizes=\"(max-width: 640px) 100vw, 640px\" \/><\/a>\n\t\t\t<\/div>\n\t\t\t\t<figcaption class='wp-caption-text gallery-caption' id='gallery-1-951'>\n\t\t\t\t&#8220;Equity prospectus&#8221; (p.11)\n\t\t\t\t<\/figcaption><\/figure><figure class='gallery-item'>\n\t\t\t<div class='gallery-icon landscape'>\n\t\t\t\t<a href='https:\/\/salvabre.ch\/wp-content\/uploads\/2018\/08\/interview-wolfensberger-breathe-the-brands.png'><img width=\"640\" height=\"173\" src=\"https:\/\/salvabre.ch\/wp-content\/uploads\/2018\/08\/interview-wolfensberger-breathe-the-brands.png\" class=\"attachment-large size-large\" alt=\"\" loading=\"lazy\" aria-describedby=\"gallery-1-972\" srcset=\"https:\/\/salvabre.ch\/wp-content\/uploads\/2018\/08\/interview-wolfensberger-breathe-the-brands.png 800w, https:\/\/salvabre.ch\/wp-content\/uploads\/2018\/08\/interview-wolfensberger-breathe-the-brands-300x81.png 300w, https:\/\/salvabre.ch\/wp-content\/uploads\/2018\/08\/interview-wolfensberger-breathe-the-brands-768x207.png 768w, https:\/\/salvabre.ch\/wp-content\/uploads\/2018\/08\/interview-wolfensberger-breathe-the-brands-600x162.png 600w\" sizes=\"(max-width: 640px) 100vw, 640px\" \/><\/a>\n\t\t\t<\/div>\n\t\t\t\t<figcaption class='wp-caption-text gallery-caption' id='gallery-1-972'>\n\t\t\t\tInterview president Augur Invest AG <a href=\"http:\/\/archive.is\/DXSD4\"> (tophotel.news).<\/a> \n\t\t\t\t<\/figcaption><\/figure><figure class='gallery-item'>\n\t\t\t<div class='gallery-icon landscape'>\n\t\t\t\t<a href='https:\/\/salvabre.ch\/wp-content\/uploads\/2018\/08\/interview-wolfensberger-lexweber.png'><img width=\"640\" height=\"113\" src=\"https:\/\/salvabre.ch\/wp-content\/uploads\/2018\/08\/interview-wolfensberger-lexweber.png\" class=\"attachment-large size-large\" alt=\"\" loading=\"lazy\" aria-describedby=\"gallery-1-974\" srcset=\"https:\/\/salvabre.ch\/wp-content\/uploads\/2018\/08\/interview-wolfensberger-lexweber.png 800w, https:\/\/salvabre.ch\/wp-content\/uploads\/2018\/08\/interview-wolfensberger-lexweber-300x53.png 300w, https:\/\/salvabre.ch\/wp-content\/uploads\/2018\/08\/interview-wolfensberger-lexweber-768x135.png 768w, https:\/\/salvabre.ch\/wp-content\/uploads\/2018\/08\/interview-wolfensberger-lexweber-600x106.png 600w\" sizes=\"(max-width: 640px) 100vw, 640px\" \/><\/a>\n\t\t\t<\/div>\n\t\t\t\t<figcaption class='wp-caption-text gallery-caption' id='gallery-1-974'>\n\t\t\t\tInterview president Augur Invest AG <a href=\"http:\/\/archive.is\/DXSD4\"> (tophotel.news).<\/a> \n\t\t\t\t<\/figcaption><\/figure><figure class='gallery-item'>\n\t\t\t<div class='gallery-icon landscape'>\n\t\t\t\t<a href='https:\/\/salvabre.ch\/wp-content\/uploads\/2018\/08\/prospectus-p-11-gantt.png'><img width=\"640\" height=\"221\" src=\"https:\/\/salvabre.ch\/wp-content\/uploads\/2018\/08\/prospectus-p-11-gantt.png\" class=\"attachment-large size-large\" alt=\"\" loading=\"lazy\" aria-describedby=\"gallery-1-936\" srcset=\"https:\/\/salvabre.ch\/wp-content\/uploads\/2018\/08\/prospectus-p-11-gantt.png 775w, https:\/\/salvabre.ch\/wp-content\/uploads\/2018\/08\/prospectus-p-11-gantt-300x104.png 300w, https:\/\/salvabre.ch\/wp-content\/uploads\/2018\/08\/prospectus-p-11-gantt-768x266.png 768w, https:\/\/salvabre.ch\/wp-content\/uploads\/2018\/08\/prospectus-p-11-gantt-600x207.png 600w\" sizes=\"(max-width: 640px) 100vw, 640px\" \/><\/a>\n\t\t\t<\/div>\n\t\t\t\t<figcaption class='wp-caption-text gallery-caption' id='gallery-1-936'>\n\t\t\t\t&#8220;Equity prospectus&#8221; (p.11)\n\t\t\t\t<\/figcaption><\/figure>\n\t\t<\/div>\n\n<p>&nbsp;<\/p>\n<h3><a id=\"autrementdit\"><\/a>Autrement dit<\/h3>\n<p>En d\u2019autres termes\u00a0: l\u2019empire de malinvestissement, d\u2019hyper-consum\u00e9risme, de sp\u00e9culation, de pseudo-luxe, et de cubes en b\u00e9ton, apr\u00e8s avoir colonis\u00e9 ses plaines, veut maintenant venir saccager les montagnes Tessinoises.<\/p>\n<p>Notez que cela ne rel\u00e8ve ni du fantasme, ni du film, ni de la simple id\u00e9e\u00a0: il s\u2019agit d\u2019un plan concret, pour lequel l\u2019aspect essentiel (acquisition de terrain) est pratiquement termin\u00e9e, et dont le re-financement est d\u00e9j\u00e0 en cours.<\/p>\n<p>Le pire, c\u2019est que certains de nos dirigeants politiques semblent avoir d\u00e9j\u00e0 donn\u00e9, en secret, leur assentiment implicite \u00e0 une telle destruction.<\/p>\n<p><a href=\"http:\/\/salvabre.ch\/?page_id=1012&amp;lang=fr\">Voici comment nous pr\u00e9voyons de les arr\u00eater.<\/a><\/p>\n","protected":false},"excerpt":{"rendered":"<p>De courageux journalistes ont publi\u00e9 les projets destructeurs des sp\u00e9culateurs. Ils ont mis la main sur deux documents, et les ont plac\u00e9s en-ligne pour consultation publique. Voici les liens de t\u00e9l\u00e9chargement. Ces documents parlent d\u2019eux-m\u00eames. T\u00e9l\u00e9charger le \u00ab\u00a0investment teaser\u00a0\u00bb (pr\u00e9sentation g\u00e9n\u00e9rale du plan). T\u00e9l\u00e9charger le \u00ab\u00a0equity prospectus\u00a0\u00bb (plan en d\u00e9tails). Cette page comporte trois paragraphes [&hellip;]<\/p>\n","protected":false},"author":1,"featured_media":0,"parent":0,"menu_order":0,"comment_status":"closed","ping_status":"closed","template":"","meta":[],"_links":{"self":[{"href":"https:\/\/salvabre.ch\/index.php?rest_route=\/wp\/v2\/pages\/1010"}],"collection":[{"href":"https:\/\/salvabre.ch\/index.php?rest_route=\/wp\/v2\/pages"}],"about":[{"href":"https:\/\/salvabre.ch\/index.php?rest_route=\/wp\/v2\/types\/page"}],"author":[{"embeddable":true,"href":"https:\/\/salvabre.ch\/index.php?rest_route=\/wp\/v2\/users\/1"}],"replies":[{"embeddable":true,"href":"https:\/\/salvabre.ch\/index.php?rest_route=%2Fwp%2Fv2%2Fcomments&post=1010"}],"version-history":[{"count":9,"href":"https:\/\/salvabre.ch\/index.php?rest_route=\/wp\/v2\/pages\/1010\/revisions"}],"predecessor-version":[{"id":2362,"href":"https:\/\/salvabre.ch\/index.php?rest_route=\/wp\/v2\/pages\/1010\/revisions\/2362"}],"wp:attachment":[{"href":"https:\/\/salvabre.ch\/index.php?rest_route=%2Fwp%2Fv2%2Fmedia&parent=1010"}],"curies":[{"name":"wp","href":"https:\/\/api.w.org\/{rel}","templated":true}]}}